{"id":103,"date":"2017-01-03T11:17:06","date_gmt":"2017-01-03T10:17:06","guid":{"rendered":"http:\/\/gtff.duncastudio.se\/?page_id=103"},"modified":"2025-05-25T21:37:19","modified_gmt":"2025-05-25T19:37:19","slug":"kartor-och-beskrivningar","status":"publish","type":"page","link":"http:\/\/gtff.se\/index.php\/verksamhetsomraden\/bygg-och-kartor\/kartor-och-beskrivningar\/","title":{"rendered":"Kartor &#038; Beskrivningar"},"content":{"rendered":"<p>Inom omr\u00e5det finns m\u00e5nga m\u00f6jligheter till trevliga promenader. F\u00f6r att du l\u00e4tt ska lokalisera dig finner du kartor h\u00e4r p\u00e5 GTFF:s hemsida samt \u00e4ven p\u00e5 alla anslagstavlor. P\u00e5 kartorna finns alla v\u00e4gar och tomter utsatta. Tomterna finns med tomtnummer.<\/p>\n<p><a href=\"http:\/\/gtff.se\/wp-content\/uploads\/2017\/01\/GTFFgrona_kartan1.jpg\"><strong>Gr\u00f6na Kartan<\/strong><\/a><\/p>\n<p>De mest uppskattade promenaderna finns utsatta p\u00e5 Gr\u00f6na Kartan. Det finns m\u00e5nga m\u00f6jligheter till\u00a0fina promenader p\u00e5 Musk\u00f6.<\/p>\n<p><a href=\"http:\/\/gtff.se\/wp-content\/uploads\/2017\/09\/GTFF_Bryggkarta.jpg\"><strong>Bryggkartan<\/strong><\/a><\/p>\n<p>H\u00e4r finns de bryggor inom omr\u00e5det som ligger p\u00e5 allm\u00e4n mark. F\u00f6r lista med kontaktpersoner se sidan <a href=\"http:\/\/gtff.se\/index.php\/verksamhetsomraden\/batar-och-bryggor\/\">B\u00e5tar &amp; Byggor<\/a>.<\/p>\n<p><a href=\"http:\/\/gtff.se\/wp-content\/uploads\/2017\/08\/GTFF_Fiskekarta.jpg\"><strong>Fiskekartan<\/strong><\/a><\/p>\n<p>Det finns ocks\u00e5 en Fiskekarta d\u00e4r f\u00f6reningens fiskevatten finns utsatt och d\u00e4r du som medlem har m\u00f6jlighet att fiska. Det streckade omr\u00e5det p\u00e5 kartan markerar var du har r\u00e4tt att l\u00e4gga n\u00e4t.<\/p>\n<p><a href=\"http:\/\/gtff.se\/wp-content\/uploads\/2017\/08\/GTFF_Kvarterskarta.jpg\"><strong>Kvarterkartan<\/strong><\/a><\/p>\n<p>P\u00e5 Kvarterkartan finns alla Kvarteromr\u00e5den markerade. D\u00e4r kan du hitta vilket kvarteromr\u00e5de du h\u00f6r till. Till varje Kvarteromr\u00e5de finns en Kvarterm\u00e4stare knuten. Se aktuella Kvarterm\u00e4stare\u00a0<a href=\"http:\/\/gtff.se\/index.php\/organisation\/kvartersmastare\/\">h\u00e4r.<\/a><\/p>\n<p><strong><a href=\"http:\/\/gtff.se\/wp-content\/uploads\/2017\/03\/GTFFFastighetskarta.jpg\">Fastighetskartan<\/a><\/strong><\/p>\n<p>P\u00e5 Fastighetskartan finns alla fastigheter inom omr\u00e5det\u00a0med aktuella tomtgr\u00e4nser.<\/p>\n<p><a href=\"http:\/\/gtff.se\/wp-content\/uploads\/2017\/03\/H\u00e4radsekonomiskaKartan_1901-1906_Hela_Musk\u00f6.jpg\"><strong>H\u00e4radsekonomiskaKartan 1901-1906<\/strong><\/a><\/p>\n<p><strong><a href=\"http:\/\/gtff.se\/wp-content\/uploads\/2017\/03\/Guldboda-detaljplan_1939.pdf\">Detaljplanen ifr\u00e5n 1939<\/a><\/strong><\/p>\n<p>Kul med den enorma idrottsanl\u00e4ggningen som \u00e4r inritad p\u00e5 \u00e4ngen.<\/p>\n<p><strong>Alla m\u00e5tt nedan uppm\u00e4tta med hj\u00e4lp av Google Maps och Eniro U.P.A.<\/strong><\/p>\n<p><strong>\u00d6rnsand<br \/>\n<\/strong>120 meter sandstrand<br \/>\nTotal yta ca: 1\u00a0840 m\u00b2<\/p>\n<p><strong>Uddsj\u00f6n<br \/>\n<\/strong>72\u00a0407 kvm<br \/>\n7,24 hektar<br \/>\n0,07 kvadratkilometer<br \/>\nL\u00e4ngd: 320 meter<br \/>\nBredd: 185 meter<\/p>\n<p><strong>Gullbodasj\u00f6n<br \/>\n<\/strong>92\u00a0238 kvm<br \/>\n9,22 hektar<br \/>\n0.09 kvadratkilometer<br \/>\nL\u00e4ngd: 485 meter<br \/>\nBredd: 288 meter<\/p>\n<p><strong>\u00d6ar\u00a0\u00a0\u00a0\u00a0\u00a0\u00a0\u00a0\u00a0\u00a0\u00a0\u00a0\u00a0\u00a0\u00a0\u00a0\u00a0\u00a0\u00a0\u00a0\u00a0\u00a0\u00a0\u00a0\u00a0\u00a0\u00a0\u00a0\u00a0\u00a0\u00a0\u00a0\u00a0\u00a0\u00a0\u00a0\u00a0Yta m\u00b2\u00a0\u00a0\u00a0\u00a0\u00a0\u00a0\u00a0\u00a0\u00a0\u00a0\u00a0\u00a0\u00a0\u00a0\u00a0 Omkrets Km<br \/>\n<\/strong>Skut\/Bergholmen\u00a0\u00a0 \u00a0\u00a0 148 825\u00a0\u00a0\u00a0\u00a0\u00a0\u00a0\u00a0\u00a0\u00a0 2,73<br \/>\nStora Flatsk\u00e4r\u00a0\u00a0\u00a0\u00a0\u00a0\u00a0\u00a0\u00a0\u00a0\u00a0110 627\u00a0\u00a0\u00a0\u00a0\u00a0\u00a0\u00a0\u00a0\u00a01,85<br \/>\nSkyllerholmen\u00a0\u00a0\u00a0\u00a0\u00a0\u00a0\u00a0\u00a0 \u00a0108 834\u00a0\u00a0\u00a0\u00a0\u00a0\u00a0 \u00a0\u00a01,58<br \/>\nLilla Flatsk\u00e4r\u00a0\u00a0\u00a0\u00a0\u00a0\u00a0 \u00a0\u00a0\u00a0\u00a0\u00a026 551\u00a0\u00a0\u00a0\u00a0\u00a0\u00a0\u00a0\u00a0\u00a0\u00a0 0,81<br \/>\nKvarnholmen\u00a0\u00a0\u00a0\u00a0 \u00a0\u00a0\u00a0\u00a0\u00a0 19 484\u00a0\u00a0\u00a0\u00a0\u00a0\u00a0\u00a0\u00a0\u00a0\u00a00,56<br \/>\nN\u00e4bbkrok\u00a0\u00a0\u00a0\u00a0\u00a0\u00a0\u00a0\u00a0\u00a0\u00a0\u00a0\u00a0\u00a0\u00a0\u00a012 184\u00a0\u00a0\u00a0\u00a0\u00a0\u00a0\u00a0\u00a0\u00a0\u00a0 0,47<br \/>\nR\u00f6nnsk\u00e4r(b\u00e5da)\u00a0\u00a0\u00a0\u00a0\u00a0 \u00a0\u00a011 823\u00a0\u00a0\u00a0\u00a0\u00a0\u00a0\u00a0\u00a0\u00a0\u00a0\u00a00,54<br \/>\nMarholmen\u00a0\u00a0\u00a0\u00a0\u00a0\u00a0\u00a0\u00a0\u00a0\u00a0\u00a0\u00a0 11 339\u00a0\u00a0\u00a0\u00a0\u00a0\u00a0\u00a0\u00a0\u00a0\u00a0 0,42<br \/>\nL\u00e5ngtarmen\u00a0\u00a0\u00a0\u00a0\u00a0\u00a0\u00a0\u00a0\u00a0\u00a0\u00a0 10 398\u00a0\u00a0\u00a0\u00a0\u00a0\u00a0\u00a0\u00a0\u00a0\u00a0 0,47<br \/>\nKojholmen\u00a0\u00a0\u00a0\u00a0\u00a0\u00a0\u00a0\u00a0\u00a0\u00a0\u00a0\u00a0\u00a010 087\u00a0\u00a0\u00a0\u00a0\u00a0\u00a0\u00a0\u00a0\u00a0\u00a0 0,38<br \/>\nGumsholmen\u00a0\u00a0\u00a0\u00a0\u00a0\u00a0\u00a0 \u00a0\u00a0 9 571\u00a0\u00a0\u00a0\u00a0\u00a0\u00a0\u00a0\u00a0\u00a0\u00a0\u00a0\u00a0 0,39<br \/>\nGr\u00f6na holmen\u00a0\u00a0\u00a0\u00a0\u00a0 \u00a0\u00a0\u00a0 5 605\u00a0\u00a0\u00a0\u00a0\u00a0\u00a0\u00a0\u00a0\u00a0\u00a0\u00a0\u00a00,30<br \/>\nUddholmen\u00a0\u00a0\u00a0\u00a0\u00a0\u00a0\u00a0\u00a0\u00a0\u00a0\u00a0 5 310\u00a0\u00a0\u00a0\u00a0\u00a0\u00a0\u00a0\u00a0\u00a0\u00a0\u00a0\u00a0 0,30<br \/>\nKullholmen\u00a0\u00a0\u00a0\u00a0\u00a0\u00a0\u00a0\u00a0\u00a0\u00a0\u00a0 3 386\u00a0\u00a0\u00a0\u00a0\u00a0\u00a0\u00a0\u00a0\u00a0\u00a0\u00a0\u00a0 0,23<\/p>\n<p><strong>\u00a0<\/strong><\/p>\n<p><strong>V\u00e4gar\u00a0\u00a0\u00a0\u00a0\u00a0\u00a0\u00a0\u00a0\u00a0\u00a0\u00a0\u00a0\u00a0\u00a0\u00a0\u00a0\u00a0\u00a0\u00a0\u00a0\u00a0\u00a0\u00a0\u00a0\u00a0\u00a0\u00a0\u00a0\u00a0\u00a0\u00a0\u00a0\u00a0\u00a0 L\u00e4ngd i meter<br \/>\n<\/strong>\u00d6steruddsv\u00e4gen \u00a0 \u00a0 \u00a0 \u00a0 \u00a0 1\u00a0448<br \/>\nH\u00f6gv\u00e4gen \u00a0 \u00a0 \u00a0 \u00a0 \u00a0 \u00a0 \u00a0 \u00a0 \u00a0 \u00a01\u00a0115<br \/>\nBergviksv\u00e4gen \u00a0 \u00a0 \u00a0 \u00a0 \u00a0 \u00a0 893<br \/>\nV\u00e4steruddsv\u00e4gen \u00a0 \u00a0 \u00a0 \u00a0 683<br \/>\nSkrams\u00f6v\u00e4gen\u00a0 \u00a0 \u00a0 \u00a0 \u00a0 \u00a0 \u00a0673<br \/>\nStrandv\u00e4gen\u00a0 \u00a0 \u00a0 \u00a0 \u00a0 \u00a0 \u00a0 \u00a0 556<br \/>\nUddsj\u00f6v\u00e4gen\u00a0 \u00a0 \u00a0 \u00a0 \u00a0 \u00a0 \u00a0 \u00a0354<br \/>\nTv\u00e4rv\u00e4gen\u00a0 \u00a0 \u00a0 \u00a0 \u00a0 \u00a0 \u00a0 \u00a0 \u00a0 \u00a0299<br \/>\n\u00d6rnstigen\u00a0\u00a0\u00a0\u00a0\u00a0\u00a0\u00a0\u00a0\u00a0\u00a0\u00a0\u00a0\u00a0\u00a0\u00a0\u00a0 189<br \/>\nPumphusv\u00e4gen\u00a0\u00a0\u00a0\u00a0\u00a0\u00a0 \u00a0\u00a0\u00a0 160<br \/>\nSl\u00e4ntv\u00e4gen\u00a0\u00a0\u00a0\u00a0\u00a0\u00a0\u00a0\u00a0\u00a0\u00a0 \u00a0\u00a0\u00a0\u00a0 149<br \/>\nUddstigen\u00a0\u00a0\u00a0\u00a0\u00a0\u00a0\u00a0\u00a0\u00a0\u00a0\u00a0\u00a0\u00a0\u00a0\u00a0\u00a0 143<br \/>\nStrandhagsstigen \u00a0\u00a0\u00a0\u00a0 \u00a0\u00a0 130<br \/>\nTv\u00e4rv\u00e4gen\u00a0\u00a0\u00a0\u00a0\u00a0\u00a0\u00a0\u00a0\u00a0\u00a0\u00a0\u00a0\u00a0\u00a0\u00a0\u00a0 64<\/p>\n<p><strong>Total l\u00e4ngd 6\u00a0856 meter.<\/strong><\/p>\n<p><strong>L\u00f6ptur 5,1 km<\/strong><\/p>\n<p>Start soptunnorna vid s\u00f6dra infarten.<\/p>\n<p>F\u00f6lj stigen ner mot Guldbodasj\u00f6n och utmed stora v\u00e4gen upp till norra infarten.<\/p>\n<p>Forts\u00e4tt p\u00e5 Bergviksv\u00e4gen upp \u00f6ver berget och ner mot \u00d6rnsand och haka p\u00e5 stigen till h\u00f6ger mot stranden.<\/p>\n<p>F\u00f6lj stigen och sedan Strandv\u00e4gen bort till korsningen H\u00f6gv\u00e4gen, ta v\u00e4nster d\u00e4r p\u00e5 stigen utmed \u00e4ngen.<\/p>\n<p>F\u00f6lj stigen utmed \u00e4ngen till \u00d6steruddsv\u00e4gen ta v\u00e4nster en bit och ta sedan h\u00f6ger p\u00e5 Uddstigen fram till V\u00e4steruddsv\u00e4gen och ta v\u00e4nster d\u00e4r.<\/p>\n<p>F\u00f6lj V\u00e4steruddsv\u00e4gen fram till Skrams\u00f6v\u00e4gen och h\u00f6ger p\u00e5 den utmed tr\u00e4sket.<\/p>\n<p>H\u00e5ll h\u00f6ger och f\u00f6lj stigen utmed tr\u00e4sket nedanf\u00f6r berget fram till Uddsj\u00f6v\u00e4gen.<\/p>\n<p>Ta h\u00f6ger p\u00e5 Uddsj\u00f6v\u00e4gen och sedan v\u00e4nster p\u00e5 Pumphusv\u00e4gen fram till sista tomten d\u00e4r stigen till v\u00e4nster b\u00f6rjar.<\/p>\n<p>F\u00f6ljs stigen till \u00d6steruddsv\u00e4gen och spurta fram till soptunnorna.<\/p>\n<p><strong>L\u00f6ptur 3,4 km<\/strong><\/p>\n<p>Start soptunnorna vid s\u00f6dra infarten.<\/p>\n<p>F\u00f6lj stigen ner mot Guldbodasj\u00f6n och utmed stora v\u00e4gen upp till norra infarten.<\/p>\n<p>Forts\u00e4tt p\u00e5 Bergviksv\u00e4gen upp \u00f6ver berget och ta v\u00e4nster p\u00e5 H\u00f6gv\u00e4gen.<\/p>\n<p>F\u00f6lj hela H\u00f6gv\u00e4gen upp \u00f6ver berget och ner till \u00e4ngen och ta h\u00f6ger bort till \u00d6steruddsv\u00e4gen och h\u00f6ger tillbaka till startpunkten.<\/p>\n<p><strong>L\u00f6ptur 14,52 km<\/strong><\/p>\n<p>Mellan S\u00f6dra och Norra infarten \u00e4r det exakt 1,030 m<\/p>\n<p>Mellan Norra infarten och T-korset \u00e4r det 5,06 km<\/p>\n<p>Mellan T-korset och Mickerum kiosken \u00e4r det 1,17 km<\/p>\n<p>L\u00f6ptur s\u00f6dra infarten och Mickerum t.r.t. blir 14,52 km<\/p>\n","protected":false},"excerpt":{"rendered":"<p>Inom omr\u00e5det finns m\u00e5nga m\u00f6jligheter till trevliga promenader. F\u00f6r att du l\u00e4tt ska lokalisera dig finner du kartor h\u00e4r p\u00e5 GTFF:s hemsida samt \u00e4ven p\u00e5 alla anslagstavlor. P\u00e5 kartorna finns alla v\u00e4gar och tomter utsatta. Tomterna finns med tomtnummer. Gr\u00f6na Kartan De mest uppskattade promenaderna finns utsatta p\u00e5 Gr\u00f6na Kartan. Det finns m\u00e5nga m\u00f6jligheter till\u00a0fina&#8230;  <a class=\"excerpt-read-more\" href=\"http:\/\/gtff.se\/index.php\/verksamhetsomraden\/bygg-och-kartor\/kartor-och-beskrivningar\/\" title=\"Read Kartor &#038; Beskrivningar\">L\u00e4s mera &raquo;<\/a><\/p>\n","protected":false},"author":1,"featured_media":0,"parent":1168,"menu_order":0,"comment_status":"closed","ping_status":"closed","template":"","meta":[],"_links":{"self":[{"href":"http:\/\/gtff.se\/index.php\/wp-json\/wp\/v2\/pages\/103"}],"collection":[{"href":"http:\/\/gtff.se\/index.php\/wp-json\/wp\/v2\/pages"}],"about":[{"href":"http:\/\/gtff.se\/index.php\/wp-json\/wp\/v2\/types\/page"}],"author":[{"embeddable":true,"href":"http:\/\/gtff.se\/index.php\/wp-json\/wp\/v2\/users\/1"}],"replies":[{"embeddable":true,"href":"http:\/\/gtff.se\/index.php\/wp-json\/wp\/v2\/comments?post=103"}],"version-history":[{"count":158,"href":"http:\/\/gtff.se\/index.php\/wp-json\/wp\/v2\/pages\/103\/revisions"}],"predecessor-version":[{"id":3024,"href":"http:\/\/gtff.se\/index.php\/wp-json\/wp\/v2\/pages\/103\/revisions\/3024"}],"up":[{"embeddable":true,"href":"http:\/\/gtff.se\/index.php\/wp-json\/wp\/v2\/pages\/1168"}],"wp:attachment":[{"href":"http:\/\/gtff.se\/index.php\/wp-json\/wp\/v2\/media?parent=103"}],"curies":[{"name":"wp","href":"https:\/\/api.w.org\/{rel}","templated":true}]}}