{"id":109,"date":"2017-01-03T11:18:50","date_gmt":"2017-01-03T10:18:50","guid":{"rendered":"http:\/\/gtff.duncastudio.se\/?page_id=109"},"modified":"2021-09-05T22:51:52","modified_gmt":"2021-09-05T20:51:52","slug":"stadgar","status":"publish","type":"page","link":"http:\/\/gtff.se\/index.php\/om-gtff\/stadgar\/","title":{"rendered":"Stadgar"},"content":{"rendered":"<p><strong>STADGAR<\/strong><\/p>\n<p><strong>f\u00f6r\u00a0<\/strong><strong>Gullboda Tomt\u00e4gare-\u00a0<\/strong><strong>&amp; Fiskev\u00e5rdsf\u00f6rening<\/strong><\/p>\n<p>G\u00e4ller fr o m 2021-08-31<\/p>\n<p><strong>\u00a7 1. \u00c4ndam\u00e5l<\/strong><\/p>\n<p>Gullboda tomt\u00e4gare- &amp; fiskev\u00e5rdsf\u00f6rening har till \u00e4ndam\u00e5l:<br \/>\nAtt bevaka medlemmarnas gemensamma intressen i deras egenskap av tomt\u00e4gare eller brukare av tomter.<br \/>\nAtt f\u00f6rvalta de inom stamfastigheten Gullboda 2:1 Haninge kommun, Stockholms l\u00e4n, f\u00f6r tomt\u00e4garnas gemensamma bruk av avsedda allm\u00e4nna platser, vatten (fiskevatten), bryggor, diken, ledningar, vattenledningsverk och andra anordningar.<br \/>\nAtt bereda medlemmarnas m\u00f6jlighet till fiske och att s\u00e4rskilt uppm\u00e4rksamma fiskev\u00e5rdande \u00e5tg\u00e4rder.<\/p>\n<p><strong>\u00a7 2. Medlemskap<\/strong><\/p>\n<p><strong>Mom 1.<\/strong> S\u00e5v\u00e4l \u00e4gare som brukare av tomt avstyckad fr\u00e5n Gullboda 2:1 kan vinna intr\u00e4de i och vara medlem av f\u00f6reningen.<\/p>\n<p><strong>Mom 2.<\/strong> Medlem, som inte fullgjort sina f\u00f6rpliktelser mot f\u00f6reningen, m\u00e5 av f\u00f6reningen uteslutas.<\/p>\n<p><strong>Mom 3.<\/strong> Tomt\u00e4gare eller brukare av tomt, som inte \u00e4r medlem av f\u00f6reningen, \u00e4r skyldig att ers\u00e4tta f\u00f6reningen f\u00f6r tillhandah\u00e5llna prestationer enligt de grunder som fastst\u00e4lls av f\u00f6reningen.<\/p>\n<p><strong>Mom 4.<\/strong> Anm\u00e4lan om uttr\u00e4de ur f\u00f6reningen g\u00f6rs skriftligen till styrelsen.<\/p>\n<p><strong>Mom 5.<\/strong> Medlem, som \u00f6verl\u00e5ter sin fastighet eller av annat sk\u00e4l uttr\u00e4der ur f\u00f6reningen, har inte r\u00e4tt att f\u00e5 tillbaka n\u00e5gon del av sina till f\u00f6reningen erlagda avgifter eller f\u00e5 n\u00e5gon del av f\u00f6reningens tillg\u00e5ngar.<\/p>\n<p><strong><br \/>\n\u00a7 3. F\u00f6reningsavgifter<\/strong><strong>\u00a0<\/strong><\/p>\n<p><strong>Mom 1.<\/strong> Intr\u00e4desavgiften beslutas av st\u00e4mman.<\/p>\n<p><strong>Mom 2.<\/strong> Varje \u00e5r f\u00f6re den 15 september erl\u00e4ggs \u00e5rsavgift. Storleken av denna \u00e5rsavgift eller grunderna f\u00f6r densamma best\u00e4ms av \u00e5rsst\u00e4mman.<\/p>\n<p><em>\u00c5rsavgiften best\u00e5r av:\u00a0<\/em>Obligatoriska avgifter avsedda att t\u00e4cka kostnaderna f\u00f6r f\u00f6reningsverksamheten, allm\u00e4nna platser, bryggor, pumpar, vattenledningsn\u00e4t m m. \u00c5rsst\u00e4mman kan besluta att viss del av avgiftsskyldigheten f\u00e5r fullg\u00f6ras som arbetsplikt, enligt medlemmens val.<\/p>\n<ol start=\"2\">\n<li>Avgifter f\u00f6r prestationer som f\u00f6reningen p\u00e5 best\u00e4llning tillhandah\u00e5ller t ex b\u00e5tplatser och parkeringsplatser.<\/li>\n<\/ol>\n<p><strong>Mom 3.<\/strong> F\u00f6rutom \u00e5rsavgiften erl\u00e4ggs avgift f\u00f6r \u00f6vriga av f\u00f6reningen tillhandah\u00e5llna prestationer t ex vimplar, kartor och s\u00e4rskilt fiskekort. Dessutom erl\u00e4ggs p\u00e5f\u00f6ljdsavgifter under s\u00e4rskilda f\u00f6ruts\u00e4ttningar t ex f\u00f6rseningsavgifter och kontrollavgifter. Dessa avgifter fastst\u00e4lls av styrelsen och erl\u00e4ggs vid av styrelsen fastst\u00e4lld tidpunkt.<\/p>\n<p><strong>Mom 4.<\/strong> De obligatoriska avgifterna f\u00e5r med iakttagande av vad nedan i \u00a7 7 stadgas ang\u00e5ende fondbildning inte best\u00e4mmas till h\u00f6gre belopp \u00e4n omst\u00e4ndigheterna kr\u00e4ver.<\/p>\n<ul>\n<li><strong> \u00a7 4. R\u00f6str\u00e4tt<\/strong><\/li>\n<\/ul>\n<p>Medlem, som fullgjort mot f\u00f6reningen \u00e5liggande f\u00f6rpliktelser, \u00e4ger vid f\u00f6reningssammantr\u00e4de en r\u00f6st. Om flera medlemmar gemensamt \u00e4ger eller brukar en tomt f\u00e5r endast en av dem ut\u00f6va r\u00f6str\u00e4tt.<\/p>\n<p>Medlems r\u00f6str\u00e4tt kan med st\u00f6d av skriftlig f\u00f6re sammantr\u00e4det f\u00f6r ordf\u00f6randen f\u00f6retedd fullmakt ut\u00f6vas genom annan medlem liksom \u00e4ven familjemedlem som ombud. Ingen f\u00e5r dock som ombud f\u00f6retr\u00e4da mer \u00e4n en medlem.<\/p>\n<ul>\n<li><strong> \u00a7 5. Sammantr\u00e4den<\/strong><\/li>\n<\/ul>\n<p><strong>Mom 1.<\/strong> F\u00f6reningen h\u00e5ller sin ordinarie f\u00f6reningsst\u00e4mma \u2013 \u00e5rsst\u00e4mma i Stockholm under juni eller juli m\u00e5nad.<\/p>\n<p><strong>Mom 2.<\/strong> Extra st\u00e4mma h\u00e5lls, d\u00e5 styrelsen eller revisorerna finner det n\u00f6dv\u00e4ndigt eller d\u00e5 medlemmar representerande minst en tiondel av samtliga r\u00f6stber\u00e4ttigade medlemmar anh\u00e5ller d\u00e4rom hos styrelsen och samtidigt uppger \u00e4ndam\u00e5let med st\u00e4mman. S\u00e5dan st\u00e4mma h\u00e5lls p\u00e5 plats som styrelsen best\u00e4mmer.<\/p>\n<p><strong>Mom 3.<\/strong> Kallelse till st\u00e4mma, upptagande dagordning, utf\u00e4rdas genom styrelsens f\u00f6rsorg och s\u00e4nds senast 14 dagar f\u00f6re st\u00e4mman som brev (traditionellt eller elektroniskt).<\/p>\n<p><strong>Mom 4.<\/strong> P\u00e5 \u00e5rsst\u00e4mman skall f\u00f6ljande \u00e4renden f\u00f6rekomma:<\/p>\n<ol>\n<li>Val av ordf\u00f6rande och sekreterare vid st\u00e4mman<\/li>\n<li>Fr\u00e5ga om st\u00e4mman utlysts i beh\u00f6rig ordning<\/li>\n<li>Fastst\u00e4llande av dagordning<\/li>\n<li>Fastst\u00e4llande av r\u00f6stl\u00e4ngd<\/li>\n<li>Val av tv\u00e5 justeringsm\u00e4n<\/li>\n<li>Styrelsens ber\u00e4ttelse<\/li>\n<li>Revisorernas ber\u00e4ttelse<\/li>\n<li>Fastst\u00e4llande av resultat- och balansr\u00e4kning samt disposition av \u00e5rets resultat<\/li>\n<li>Fr\u00e5ga om ansvarsfrihet f\u00f6r styrelsen<\/li>\n<li>Fastst\u00e4llande av ers\u00e4ttningar till styrelseledam\u00f6ter och revisorer<\/li>\n<li>Fastst\u00e4llande av budget f\u00f6r och \u00e5rsavgifter till f\u00f6reningen<\/li>\n<li>Fastst\u00e4llande av ordningsf\u00f6reskrifter<\/li>\n<li>Fastst\u00e4llande av antalet ledam\u00f6ter ut\u00f6ver ordf\u00f6rande i f\u00f6reningens styrelse (fyra, sex eller \u00e5tta)<\/li>\n<li>Val av ordf\u00f6rande i f\u00f6reningen<\/li>\n<li>Val av ytterligare tv\u00e5, tre eller fyra av styrelsens ledam\u00f6ter<\/li>\n<li>Val av tv\u00e5 revisorer<\/li>\n<li>Val av valberedning<\/li>\n<li>I f\u00f6rv\u00e4g anm\u00e4lda fr\u00e5gor<\/li>\n<li>\u00d6vriga fr\u00e5gor (beslut f\u00e5r ej fattas)<\/li>\n<\/ol>\n<p><strong>Mom 5.<\/strong> F\u00f6rslag som \u00f6nskas behandlat p\u00e5 \u00e5rsst\u00e4mman, skall vara skriftligt och inkommet till styrelsen senast den 1 maj. Vid extra st\u00e4mma f\u00e5r endast \u00e4renden som angivits i kallelsen behandlas.<\/p>\n<p><strong>Mom 6.<\/strong> Samtliga val f\u00f6rr\u00e4ttas och fr\u00e5gor avg\u00f6rs genom \u00f6ppen omr\u00f6stning och med enkel majoritet, d\u00e4r inte i dessa stadgar annorlunda best\u00e4ms eller medlem beg\u00e4r sluten omr\u00f6stning.<\/p>\n<p>Vid lika r\u00f6stetal \u00e4ger ordf\u00f6randen utslagsr\u00f6st.<\/p>\n<ul>\n<li><strong> \u00a7 6. Styrelse<\/strong><strong>\u00a0<\/strong><\/li>\n<\/ul>\n<p><strong>Mom 1. <\/strong>F\u00f6reningens styrelse skall ha sitt s\u00e4te i Stockholm och best\u00e5 av f\u00f6reningens ordf\u00f6rande och fyra, sex eller \u00e5tta bland f\u00f6reningens medlemmar valda ledam\u00f6ter. Till styrelseledamot f\u00e5r \u00e4ven medlems make\/maka eller n\u00e4rst\u00e5ende utses.<\/p>\n<p><strong>Mom 2.<\/strong> Med undantag f\u00f6r ordf\u00f6randen v\u00e4ljs styrelsens ledam\u00f6ter f\u00f6r en tid av tv\u00e5 \u00e5r val vartannat \u00e5r av halva antalet ledam\u00f6ter.\u00a0 Mandatperioden avser tiden fr\u00e5n den \u00e5rsst\u00e4mma, d\u00e5 valet f\u00f6retas, till den \u00e5rsst\u00e4mma som \u00e4ger rum tv\u00e5 \u00e5r d\u00e4refter.<\/p>\n<p><strong>Mom 3.<\/strong> Styrelsen kallas genom ordf\u00f6randens f\u00f6rsorg och \u00e4r beslutsf\u00f6r d\u00e5 minst h\u00e4lften av \u00f6vriga ledam\u00f6ter \u00e4r n\u00e4rvarande.<\/p>\n<p>Vid styrelsens sammantr\u00e4den skall f\u00f6ras protokoll, upptagande alla styrelsens beslut och d\u00e4rvid uttalade skiljaktiga meningar. Varje ledamot, som deltagit i \u00e4rendets avg\u00f6rande, anses ha bitr\u00e4tt det i protokollet antecknade beslutet, om han inte l\u00e5tit d\u00e4r anteckna avvikande mening. Vid lika r\u00f6stetal har ordf\u00f6randen utslagsr\u00f6st.<\/p>\n<p><strong>Mom 4.<\/strong> Det \u00e5ligger styrelsen att handha f\u00f6reningens intressen, ekonomiska och administrativa f\u00f6rvaltning, att representera f\u00f6reningen ut\u00e5t samt att \u00f6vervaka dessa stadgars efterlevnad.<\/p>\n<p>F\u00f6reningens ordf\u00f6rande \u00e4r tillika ordf\u00f6rande i styrelsen. Denna utser inom sig vice ordf\u00f6rande, sekreterare och kassaf\u00f6rvaltare samt \u00f6vriga funktion\u00e4rer, n\u00e4r s\u00e5 kan anses n\u00f6dv\u00e4ndigt. D\u00e4rj\u00e4mte tills\u00e4tter styrelsen tillsynsm\u00e4n f\u00f6r fiskev\u00e5rd och vattendistribution och fastst\u00e4ller arvoden till dessa. Om styrelseledamot eller revisor utses till tillsyningsman fastst\u00e4ller \u00e5rsst\u00e4mman arvodet.<\/p>\n<p>F\u00f6reningens firma tecknas av styrelsens ledam\u00f6ter i f\u00f6rening eller av den eller de personer styrelsen utser.<\/p>\n<ul>\n<li><strong> \u00a7 7. Fonder<\/strong><\/li>\n<\/ul>\n<p>F\u00f6reningen kan genom beslut p\u00e5 f\u00f6reningsst\u00e4mma avs\u00e4tta medel f\u00f6r att tillgodose s\u00e4rskilda behov f\u00f6r f\u00f6reningen. \u00c5rsst\u00e4mman beslutar varje \u00e5r hur mycket styrelsen f\u00e5r disponera av s\u00e5lunda fonderade medel.Styrelsen f\u00e5r inte utan f\u00f6reningens h\u00f6rande fatta beslut om att ta fonderade medel i anspr\u00e5k till h\u00f6gre belopp \u00e4n en tredjedel av det belopp vartill fonden vid n\u00e4stf\u00f6reg\u00e5ende \u00e5rsskifte uppg\u00e5tt.<\/p>\n<ul>\n<li><strong> \u00a7 8. Revision<\/strong><\/li>\n<\/ul>\n<p><strong>Mom 1.<\/strong> Till att granska f\u00f6reningens r\u00e4kenskaper och styrelsens f\u00f6rvaltning utses p\u00e5 \u00e5rsst\u00e4mma, f\u00f6r tiden till dess s\u00e5dan h\u00e5llits n\u00e4stkommande \u00e5r, bland medlemmarna tv\u00e5 revisorer.Till revisor f\u00e5r \u00e4ven medlems make utses.<\/p>\n<p><strong>Mom 2.<\/strong> F\u00f6reningens r\u00e4kenskaper, vilka skall avslutas per kalender\u00e5r, j\u00e4mt styrelsens ber\u00e4ttelse, skall st\u00e4llas till revisorernas f\u00f6rfogande f\u00f6r granskning senast en m\u00e5nad f\u00f6re \u00e5rsst\u00e4mman. Revisorernas ber\u00e4ttelse skall \u00f6verl\u00e4mnas till styrelsen senast 14 dagar f\u00f6re st\u00e4mman.<\/p>\n<ul>\n<li><strong> \u00a7 9. Fiske och fiskev\u00e5rd<\/strong><\/li>\n<\/ul>\n<p><strong>Mom 1.<\/strong> F\u00f6reningens fiskevatten skall v\u00e5rdas och utvecklas s\u00e5 att medlemmarnas och deras familjers intresse f\u00f6r fritidsfiske s\u00e5 l\u00e5ngt som m\u00f6jligt skall beaktas.<\/p>\n<p><strong>Mom 2.<\/strong> F\u00f6r v\u00e5rd, utveckling samt kontroll av f\u00f6reningens fiskevatten utses tillsynsm\u00e4n med s\u00e4rskilda befogenheter.<\/p>\n<p><strong>Mom 3.<\/strong> \u00d6vergripande f\u00f6reskrifter f\u00f6r fiske regleras i allm\u00e4nna lagar och kung\u00f6relser. Av f\u00f6reningen, ut\u00f6ver dessa f\u00f6reskrifter, speciellt antagna regler fastst\u00e4lls i f\u00f6reningens ordningsf\u00f6reskrifter.<\/p>\n<ul>\n<li><strong> \u00a7 10. \u00d6vriga f\u00f6reskrifter<\/strong><\/li>\n<\/ul>\n<p>F\u00f6reningens verksamhet regleras f\u00f6rutom av dessa stagar av:<\/p>\n<p>ORDNINGSF\u00d6RESKRIFTER som antas av f\u00f6reningsst\u00e4mman p\u00e5 f\u00f6rslag av styrelsen. De kan \u00e4ven inneh\u00e5lla administrativa och tekniska f\u00f6reskrifter samt information.<\/p>\n<p>KOMPLETTERANDE F\u00d6RESKRIFTER som vid behov meddelas av styrelsen. Under verksamhets\u00e5r beslutade kompletterande f\u00f6reskrifter underst\u00e4lls, p\u00e5 f\u00f6rslag av styrelsen, \u00e5rsst\u00e4mma f\u00f6r inf\u00f6rande i f\u00f6reningens ordningsf\u00f6reskrifter eller f\u00f6rkastas.<\/p>\n<ul>\n<li><strong> \u00a7 11. Information till medlemmarna<\/strong><\/li>\n<\/ul>\n<p>Information om f\u00f6reningens verksamhet erh\u00e5lls i f\u00f6rsta hand ur dessa stadgar och f\u00f6reningens ordningsf\u00f6reskrifter. Aktuella avgifter, information och kompletterande f\u00f6reskrifter meddelas av styrelsen p\u00e5 l\u00e4mpligt s\u00e4tt t ex genom\u00a0 \u201dOmr\u00e5desorientering\u201d eller \u201dGTFF aktuellt\u201d. S\u00e5dana meddelanden kan ansl\u00e5s, publiceras p\u00e5 webplats, uts\u00e4ndas via brev eller e-brev etc.<\/p>\n<ul>\n<li><strong> \u00a7 12. Stadge\u00e4ndring<\/strong><\/li>\n<\/ul>\n<p>Dessa stadgar kan inte \u00e4ndras med mindre \u00e4n att beslut d\u00e4rom fattas p\u00e5 tv\u00e5 p\u00e5 varandra f\u00f6ljande st\u00e4mmor med minst en m\u00e5nads mellanrum, varav den ena skall vara ordinarie \u00e5rsst\u00e4mma, och f\u00f6rslaget om stadge\u00e4ndring vid andra st\u00e4mman bitr\u00e4tts med minst tv\u00e5 tredjedels majoritet, av de vid st\u00e4mman n\u00e4rvarande.<\/p>\n<ul>\n<li><strong> \u00a7 13. Uppl\u00f6sning<\/strong><\/li>\n<\/ul>\n<p><strong>Mom 1.<\/strong> F\u00f6reningen kan inte uppl\u00f6sas med mindre \u00e4n att beslut d\u00e4rom fattas p\u00e5 tv\u00e5 p\u00e5 varandra f\u00f6ljande st\u00e4mmor med minst en m\u00e5nads mellanrum, varav den ena skall vara ordinarie \u00e5rsst\u00e4mma, och f\u00f6rslaget om f\u00f6reningens uppl\u00f6sning vid vardera st\u00e4mman bitr\u00e4tts med minst tv\u00e5 tredjedels majoritet, av de vid st\u00e4mman n\u00e4rvarande<\/p>\n<p><strong>Mom 2.<\/strong> S\u00e5dant beslut tr\u00e4der i kraft fr\u00e5n utg\u00e5ngen av l\u00f6pande verksamhets\u00e5r.<\/p>\n<p><strong>Mom 3.<\/strong> Uppl\u00f6ses f\u00f6reningen skall den tr\u00e4da i likvidation. Uppst\u00e5r beh\u00e5llning, skall den disponeras enligt beslut av den enligt mom 1 i sist h\u00e5llna st\u00e4mman.<\/p>\n<h2><\/h2>\n","protected":false},"excerpt":{"rendered":"<p>STADGAR f\u00f6r\u00a0Gullboda Tomt\u00e4gare-\u00a0&amp; Fiskev\u00e5rdsf\u00f6rening G\u00e4ller fr o m 2021-08-31 \u00a7 1. \u00c4ndam\u00e5l Gullboda tomt\u00e4gare- &amp; fiskev\u00e5rdsf\u00f6rening har till \u00e4ndam\u00e5l: Att bevaka medlemmarnas gemensamma intressen i deras egenskap av tomt\u00e4gare eller brukare av tomter. Att f\u00f6rvalta de inom stamfastigheten Gullboda 2:1 Haninge kommun, Stockholms l\u00e4n, f\u00f6r tomt\u00e4garnas gemensamma bruk av avsedda allm\u00e4nna platser, vatten (fiskevatten), bryggor,&#8230;  <a class=\"excerpt-read-more\" href=\"http:\/\/gtff.se\/index.php\/om-gtff\/stadgar\/\" title=\"Read Stadgar\">L\u00e4s mera &raquo;<\/a><\/p>\n","protected":false},"author":1,"featured_media":0,"parent":17,"menu_order":0,"comment_status":"closed","ping_status":"closed","template":"","meta":[],"_links":{"self":[{"href":"http:\/\/gtff.se\/index.php\/wp-json\/wp\/v2\/pages\/109"}],"collection":[{"href":"http:\/\/gtff.se\/index.php\/wp-json\/wp\/v2\/pages"}],"about":[{"href":"http:\/\/gtff.se\/index.php\/wp-json\/wp\/v2\/types\/page"}],"author":[{"embeddable":true,"href":"http:\/\/gtff.se\/index.php\/wp-json\/wp\/v2\/users\/1"}],"replies":[{"embeddable":true,"href":"http:\/\/gtff.se\/index.php\/wp-json\/wp\/v2\/comments?post=109"}],"version-history":[{"count":10,"href":"http:\/\/gtff.se\/index.php\/wp-json\/wp\/v2\/pages\/109\/revisions"}],"predecessor-version":[{"id":2545,"href":"http:\/\/gtff.se\/index.php\/wp-json\/wp\/v2\/pages\/109\/revisions\/2545"}],"up":[{"embeddable":true,"href":"http:\/\/gtff.se\/index.php\/wp-json\/wp\/v2\/pages\/17"}],"wp:attachment":[{"href":"http:\/\/gtff.se\/index.php\/wp-json\/wp\/v2\/media?parent=109"}],"curies":[{"name":"wp","href":"https:\/\/api.w.org\/{rel}","templated":true}]}}