{"id":1134,"date":"2017-09-01T15:47:52","date_gmt":"2017-09-01T13:47:52","guid":{"rendered":"http:\/\/gtff.se\/?page_id=1134"},"modified":"2018-12-29T18:20:35","modified_gmt":"2018-12-29T17:20:35","slug":"markavvattning","status":"publish","type":"page","link":"http:\/\/gtff.se\/index.php\/verksamhetsomraden\/mark-och-skogsvard\/markavvattning\/","title":{"rendered":"Markavvattning"},"content":{"rendered":"<p>Antagna p\u00e5 styrelsem\u00f6tet den 2015-09-15 och justerade 2015-12-01<\/p>\n<p><strong>Riktlinjer f\u00f6r vattenverksamheten inom Guldboda 2:1<\/strong><\/p>\n<p><em>Det \u00f6vergripande m\u00e5let med vattenverksamheten inom Guldbodaomr\u00e5det \u00e4r att f\u00e5 till st\u00e5nd en tillfredst\u00e4llande markavvattning att begr\u00e4nsa grumling av vatten\ufb02\u00f6det vid utloppen i havet och att f\u00f6rhindra f\u00f6rorening av dagvattnet.<\/em><\/p>\n<p>Genom att f\u00f6lja Naturv\u00e5rdsverkets anvisningar och den dagvattenstrategi Haninge kommun har fastst\u00e4llt, b\u00f6r det \ufb01nnas goda f\u00f6ruts\u00e4ttningar att n\u00e5 v\u00e5rt m\u00e5l.<\/p>\n<p>1 Be\ufb01ntliga diken* ska underh\u00e5llas genom rensning s\u00e5 att markavvattningen fungerar.<\/p>\n<p>2 Rensningen ska planeras i f\u00f6rv\u00e4g f\u00f6r att minska negativ milj\u00f6p\u00e5verkan. Den s k f\u00f6rsiktighetsprincipen enligt kap 2 i Milj\u00f6balken ska till\u00e4mpas.<\/p>\n<p>3 Rensning av \u00f6ppna och t\u00e4ckta diken ska endast ske n\u00e4r markavvattningen inte fungerar. Det \u00e4r inte alltid som hela dikesstr\u00e4ckor beh\u00f6ver rensas. Ibland kan sedimentbankar eller vegetationsbest\u00e5nd skapa tr\u00f6sklar som st\u00e4ller till problem. D\u00e5 kan det r\u00e4cka med punktinsatser mot de d\u00e4mmande f\u00f6rem\u00e5len f\u00f6r att avrinningen ska fungera. Om en l\u00e4ngre str\u00e4cka \u00e4nd\u00e5 beh\u00f6ver rensas \u00e4r det l\u00e4mpligt att inte rensa hela diket p\u00e5 samma g\u00e5ng. Genom att i st\u00e4llet rensa i sektioner under ett antal \u00e5r minskas den negativa p\u00e5verkan som t ex \u00f6kad grumlighet inneb\u00e4r.<\/p>\n<p>4 Det \u00e4r ofta positivt om rensning kan utf\u00f6ras p\u00e5 annat s\u00e4tt \u00e4n med en vanlig gr\u00e4vskopa. Med en gr\u00e4vskopa kan det vara sv\u00e5rt att avg\u00f6ra var gr\u00e4nsen mellan l\u00f6sa avlagringar och fast botten g\u00e5r. Risken \u00e4r d\u00e4rf\u00f6r stor att det rensas till \u00f6verdjup och att v\u00e4rdefulla sten-, grus- och sandbottnar gr\u00e4vs upp. F\u00f6r att uppr\u00e4tth\u00e5lla en tillr\u00e4cklig \ufb02\u00f6deskapacitet beh\u00f6ver i allm\u00e4nhet inte bottenmaterialet rensas. Det r\u00e4cker att man h\u00e5ller efter vegetationen. Med h\u00e4nsyn till vattenmilj\u00f6n \u00e4r det oftast b\u00e4ttre att sl\u00e5 eller klippa av vegetationen \u00e4n att gr\u00e4va bort den.<\/p>\n<p>5 Av praktiska sk\u00e4l och f\u00f6r att f\u00e5 s\u00e5 liten grumling som m\u00f6jligt b\u00f6r rensningen normalt utf\u00f6ras under l\u00e5gvattenperioder.<\/p>\n<p>6 Alltf\u00f6r branta dikeskanter leder ofta till erosion, ras och \u00f6kad grumlighet. Det \u00f6kar rensningsbehovet. Det kan d\u00e4rf\u00f6r vara l\u00e4mpligt att fasa av kanterna s\u00e5 att sl\u00e4ntlutningen inte blir brantare \u00e4n h\u00f6gst 1:1,5-2 (h\u00f6jd:l\u00e4ngd). D\u00e5 underl\u00e4ttas ocks\u00e5 etableringen av gr\u00e4s och \u00f6rter, vars r\u00f6tter stabiliserar dikeskanten och ytterligare minskar erosion och grumlighet.<\/p>\n<p>7 F\u00f6r att minska den grumlighet som kan uppst\u00e5 vid ih\u00e5llande regn och sn\u00f6sm\u00e4ltning kan slamgropar anl\u00e4ggas.<\/p>\n<p>8 Igensatta t\u00e4ckdiken ska rensas genom spolning\/slamsugning f\u00f6r att s\u00e4kra ett tillfredst\u00e4llande vatten\ufb02\u00f6de.<\/p>\n<p>9 F\u00f6rorening av dagvattnet ska f\u00f6rhindras genom att samtliga fastighets\u00e4gare har godk\u00e4nda in\ufb01ltrationsanl\u00e4ggningar f\u00f6r gr\u00e5vatten och godk\u00e4nd hantering av sitt avlopp. GTFF har inga egna k\u00e4llor som kan \u00e5samka f\u00f6rorening. Vattenprov skall tas om det \ufb01nns misstanke om f\u00f6roreningar av dagvattnet.<\/p>\n<p><em>Texten \u00e4r i huvudsak h\u00e4mtad ur Naturv\u00e5rdsverkets handbok 2009:5 \u201dMarkavvattning och rensning\u201d och fr\u00e5n Haninge kommuns hemsida f\u00f6r dagvattenstrategi<\/em><\/p>\n<p><em>*) Om ett dike inte rensats p\u00e5 mycket l\u00e5ng tid kan det p\u00e5 grund av detta uppst\u00e5tt ett nytt naturtillst\u00e5nd. I s\u00e5dant fall kan det beh\u00f6vas tillst\u00e5nd fr\u00e5n L\u00e4nsstyrelsen f\u00f6r att utf\u00f6ra rensningen. I tveksamma fall b\u00f6r samr\u00e5d ske med L\u00e4nsstyrelsen.<\/em><\/p>\n","protected":false},"excerpt":{"rendered":"<p>Antagna p\u00e5 styrelsem\u00f6tet den 2015-09-15 och justerade 2015-12-01 Riktlinjer f\u00f6r vattenverksamheten inom Guldboda 2:1 Det \u00f6vergripande m\u00e5let med vattenverksamheten inom Guldbodaomr\u00e5det \u00e4r att f\u00e5 till st\u00e5nd en tillfredst\u00e4llande markavvattning att begr\u00e4nsa grumling av vatten\ufb02\u00f6det vid utloppen i havet och att f\u00f6rhindra f\u00f6rorening av dagvattnet. Genom att f\u00f6lja Naturv\u00e5rdsverkets anvisningar och den dagvattenstrategi Haninge kommun har&#8230;  <a class=\"excerpt-read-more\" href=\"http:\/\/gtff.se\/index.php\/verksamhetsomraden\/mark-och-skogsvard\/markavvattning\/\" title=\"Read Markavvattning\">L\u00e4s mera &raquo;<\/a><\/p>\n","protected":false},"author":3,"featured_media":0,"parent":83,"menu_order":0,"comment_status":"closed","ping_status":"closed","template":"","meta":[],"_links":{"self":[{"href":"http:\/\/gtff.se\/index.php\/wp-json\/wp\/v2\/pages\/1134"}],"collection":[{"href":"http:\/\/gtff.se\/index.php\/wp-json\/wp\/v2\/pages"}],"about":[{"href":"http:\/\/gtff.se\/index.php\/wp-json\/wp\/v2\/types\/page"}],"author":[{"embeddable":true,"href":"http:\/\/gtff.se\/index.php\/wp-json\/wp\/v2\/users\/3"}],"replies":[{"embeddable":true,"href":"http:\/\/gtff.se\/index.php\/wp-json\/wp\/v2\/comments?post=1134"}],"version-history":[{"count":4,"href":"http:\/\/gtff.se\/index.php\/wp-json\/wp\/v2\/pages\/1134\/revisions"}],"predecessor-version":[{"id":1138,"href":"http:\/\/gtff.se\/index.php\/wp-json\/wp\/v2\/pages\/1134\/revisions\/1138"}],"up":[{"embeddable":true,"href":"http:\/\/gtff.se\/index.php\/wp-json\/wp\/v2\/pages\/83"}],"wp:attachment":[{"href":"http:\/\/gtff.se\/index.php\/wp-json\/wp\/v2\/media?parent=1134"}],"curies":[{"name":"wp","href":"https:\/\/api.w.org\/{rel}","templated":true}]}}