{"id":1168,"date":"2017-09-02T20:15:08","date_gmt":"2017-09-02T18:15:08","guid":{"rendered":"http:\/\/gtff.se\/?page_id=1168"},"modified":"2018-12-29T18:13:52","modified_gmt":"2018-12-29T17:13:52","slug":"bygg-och-kartor","status":"publish","type":"page","link":"http:\/\/gtff.se\/index.php\/verksamhetsomraden\/bygg-och-kartor\/","title":{"rendered":"Bygg &#038; Kartor"},"content":{"rendered":"<p>Riktlinjer f\u00f6r GTFF:s handl\u00e4ggning av bygglovsfr\u00e5gor<\/p>\n<p><strong>Bakgrund<\/strong><br \/>\nN\u00e4r n\u00e5gon fastighet p\u00e5 omr\u00e5det vill g\u00f6ra en avvikelse (ofta mindre) ifr\u00e5n byggreglerna s\u00e5 m\u00e5ste Stadsbyggnadskontoret (kommunen) ta in grannarnas synpunkter. D\u00e5 f\u00e5r GTFF automatiskt en f\u00f6rfr\u00e5gan eftersom GTFF alltid \u00e4r granne. F\u00f6r att tydligg\u00f6ra hur styrelsen t\u00e4nker, resonerar och som beslutsst\u00f6d har vi tagit fram detta dokument med riktlinjer.<\/p>\n<p>Viktigt att f\u00f6rst\u00e5 \u00e4r att Stadsbyggnadskontoret (kommunen) har beslutsr\u00e4tten.<br \/>\nH\u00e4r f\u00f6ljer n\u00e5gra exempel p\u00e5 vanliga \u00e4renden:<br \/>\n1. Man vill bygga 155kvm ist\u00e4llet f\u00f6r 150kvm (max enligt detaljplan)<br \/>\n2. Man vill placera sitt bygge n\u00e4rmare sin granne eller allm\u00e4nning \u00e4n de normalt 4,5<br \/>\nresp. 6m (enligt detaljplan)<br \/>\n3. Man vill bygga lite h\u00f6gre \u00e4n vad detaljplan medger<\/p>\n<p><strong>Riktlinjer<\/strong><br \/>\nGTFF finner ingen anledning att s\u00e4ga nej till mindre planavvikelser om de inte p\u00e5verkar den n\u00e4rmaste omgivningen negativt. GTFF f\u00f6rs\u00f6ker ta h\u00e4nsyn till v\u00e5ra allm\u00e4nningar och hur de upplevs\/anv\u00e4nds av \u00f6vriga medlemmar samt om bygg\u00e4rendet p\u00e5 annat s\u00e4tt kan st\u00f6ra\/inverka negativt f\u00f6r f\u00f6reningen och \u00f6vriga medlemmar<\/p>\n<p>N\u00e4r GTFF svarar som granne s\u00e5 bevakar GTFF intresset f\u00f6r samtliga de medlemmar som inte tillfr\u00e5gats s\u00e5som varande n\u00e4rmaste granne. De n\u00e4rmaste grannarna svarar f\u00f6r sig sj\u00e4lva. GTFF f\u00f6r inte enskild medlems talan.<\/p>\n<p>Om eventuella meningsskiljaktigheter uppst\u00e5r emellan fr\u00e5gande och n\u00e4rmaste grannar f\u00f6rs\u00f6ker GTFF om m\u00f6jligt hitta en m\u00f6jlig l\u00f6sning som passar b\u00e5da parter. Rollen som medlare tar GTFF normalt sett inte p\u00e5 sig. Den rollen samt rollen som beslutsfattare har kommunen.<\/p>\n<p>En faktor som kan ha en negativ p\u00e5verkan p\u00e5 v\u00e5r &#8221;rekommendation till kommunen\u201d \u00e4r om ans\u00f6kan inkommer efter p\u00e5b\u00f6rjad byggnation eller om ans\u00f6kan inkommer d\u00e5 bygget p\u00e5b\u00f6rjats utan bygglov. Detta eftersom byggnationen kan p\u00e5verka omgivningen negativt under m\u00e5nga \u00e5r.<\/p>\n<p>I normala fall tillstyrker styrelsen mindre avvikelser om ingen uppenbar anledning till avslag finns.<\/p>\n<p>Vid all form av byggnation skall h\u00e4nsyn visas till den n\u00e4rmaste omgivningen och beh\u00f6ver omr\u00e5dets allm\u00e4nning utnyttjas skall GTFF alltid tillfr\u00e5gas.<\/p>\n","protected":false},"excerpt":{"rendered":"<p>Riktlinjer f\u00f6r GTFF:s handl\u00e4ggning av bygglovsfr\u00e5gor Bakgrund N\u00e4r n\u00e5gon fastighet p\u00e5 omr\u00e5det vill g\u00f6ra en avvikelse (ofta mindre) ifr\u00e5n byggreglerna s\u00e5 m\u00e5ste Stadsbyggnadskontoret (kommunen) ta in grannarnas synpunkter. D\u00e5 f\u00e5r GTFF automatiskt en f\u00f6rfr\u00e5gan eftersom GTFF alltid \u00e4r granne. F\u00f6r att tydligg\u00f6ra hur styrelsen t\u00e4nker, resonerar och som beslutsst\u00f6d har vi tagit fram detta dokument&#8230;  <a class=\"excerpt-read-more\" href=\"http:\/\/gtff.se\/index.php\/verksamhetsomraden\/bygg-och-kartor\/\" title=\"Read Bygg &#038; Kartor\">L\u00e4s mera &raquo;<\/a><\/p>\n","protected":false},"author":3,"featured_media":0,"parent":77,"menu_order":0,"comment_status":"closed","ping_status":"closed","template":"","meta":[],"_links":{"self":[{"href":"http:\/\/gtff.se\/index.php\/wp-json\/wp\/v2\/pages\/1168"}],"collection":[{"href":"http:\/\/gtff.se\/index.php\/wp-json\/wp\/v2\/pages"}],"about":[{"href":"http:\/\/gtff.se\/index.php\/wp-json\/wp\/v2\/types\/page"}],"author":[{"embeddable":true,"href":"http:\/\/gtff.se\/index.php\/wp-json\/wp\/v2\/users\/3"}],"replies":[{"embeddable":true,"href":"http:\/\/gtff.se\/index.php\/wp-json\/wp\/v2\/comments?post=1168"}],"version-history":[{"count":3,"href":"http:\/\/gtff.se\/index.php\/wp-json\/wp\/v2\/pages\/1168\/revisions"}],"predecessor-version":[{"id":1397,"href":"http:\/\/gtff.se\/index.php\/wp-json\/wp\/v2\/pages\/1168\/revisions\/1397"}],"up":[{"embeddable":true,"href":"http:\/\/gtff.se\/index.php\/wp-json\/wp\/v2\/pages\/77"}],"wp:attachment":[{"href":"http:\/\/gtff.se\/index.php\/wp-json\/wp\/v2\/media?parent=1168"}],"curies":[{"name":"wp","href":"https:\/\/api.w.org\/{rel}","templated":true}]}}