{"id":1575,"date":"2018-12-29T18:29:27","date_gmt":"2018-12-29T17:29:27","guid":{"rendered":"http:\/\/gtff.se\/?page_id=1575"},"modified":"2019-06-30T17:10:57","modified_gmt":"2019-06-30T15:10:57","slug":"bygglov","status":"publish","type":"page","link":"http:\/\/gtff.se\/index.php\/vasterudd-bastu\/bygglov\/","title":{"rendered":"Bygglov"},"content":{"rendered":"<p><strong>Bygglovet<\/strong><\/p>\n<p>H\u00e4r nedan \u00e4r det kompletta och godk\u00e4nda bygglovet.<\/p>\n<p>Sj\u00e4lvklart hade Oskustens Marinbas blivit tillfr\u00e5gade och l\u00e4mnat sitt godk\u00e4nnande f\u00f6rst.<\/p>\n<img loading=\"lazy\" class=\"alignnone size-medium wp-image-1710\" src=\"http:\/\/gtff.se\/wp-content\/uploads\/2019\/06\/BastuBygglov-1-212x300.jpg\" alt=\"\" width=\"212\" height=\"300\" srcset=\"http:\/\/gtff.se\/wp-content\/uploads\/2019\/06\/BastuBygglov-1-212x300.jpg 212w, http:\/\/gtff.se\/wp-content\/uploads\/2019\/06\/BastuBygglov-1.jpg 708w\" sizes=\"(max-width: 212px) 100vw, 212px\" \/> <img loading=\"lazy\" class=\"alignnone size-medium wp-image-1721\" src=\"http:\/\/gtff.se\/wp-content\/uploads\/2019\/06\/BastuBygglov-12-212x300.jpg\" alt=\"\" width=\"212\" height=\"300\" srcset=\"http:\/\/gtff.se\/wp-content\/uploads\/2019\/06\/BastuBygglov-12-212x300.jpg 212w, http:\/\/gtff.se\/wp-content\/uploads\/2019\/06\/BastuBygglov-12.jpg 708w\" sizes=\"(max-width: 212px) 100vw, 212px\" \/> <img loading=\"lazy\" class=\"alignnone size-medium wp-image-1720\" src=\"http:\/\/gtff.se\/wp-content\/uploads\/2019\/06\/BastuBygglov-11-212x300.jpg\" alt=\"\" width=\"212\" height=\"300\" srcset=\"http:\/\/gtff.se\/wp-content\/uploads\/2019\/06\/BastuBygglov-11-212x300.jpg 212w, http:\/\/gtff.se\/wp-content\/uploads\/2019\/06\/BastuBygglov-11.jpg 708w\" sizes=\"(max-width: 212px) 100vw, 212px\" \/> <img loading=\"lazy\" class=\"alignnone size-medium wp-image-1719\" src=\"http:\/\/gtff.se\/wp-content\/uploads\/2019\/06\/BastuBygglov-10-212x300.jpg\" alt=\"\" width=\"212\" height=\"300\" srcset=\"http:\/\/gtff.se\/wp-content\/uploads\/2019\/06\/BastuBygglov-10-212x300.jpg 212w, http:\/\/gtff.se\/wp-content\/uploads\/2019\/06\/BastuBygglov-10.jpg 708w\" sizes=\"(max-width: 212px) 100vw, 212px\" \/> <img loading=\"lazy\" class=\"alignnone size-medium wp-image-1718\" src=\"http:\/\/gtff.se\/wp-content\/uploads\/2019\/06\/BastuBygglov-9-212x300.jpg\" alt=\"\" width=\"212\" height=\"300\" srcset=\"http:\/\/gtff.se\/wp-content\/uploads\/2019\/06\/BastuBygglov-9-212x300.jpg 212w, http:\/\/gtff.se\/wp-content\/uploads\/2019\/06\/BastuBygglov-9.jpg 708w\" sizes=\"(max-width: 212px) 100vw, 212px\" \/> <img loading=\"lazy\" class=\"alignnone size-medium wp-image-1717\" src=\"http:\/\/gtff.se\/wp-content\/uploads\/2019\/06\/BastuBygglov-8-212x300.jpg\" alt=\"\" width=\"212\" height=\"300\" srcset=\"http:\/\/gtff.se\/wp-content\/uploads\/2019\/06\/BastuBygglov-8-212x300.jpg 212w, http:\/\/gtff.se\/wp-content\/uploads\/2019\/06\/BastuBygglov-8.jpg 708w\" sizes=\"(max-width: 212px) 100vw, 212px\" \/> <img loading=\"lazy\" class=\"alignnone size-medium wp-image-1716\" src=\"http:\/\/gtff.se\/wp-content\/uploads\/2019\/06\/BastuBygglov-7-212x300.jpg\" alt=\"\" width=\"212\" height=\"300\" srcset=\"http:\/\/gtff.se\/wp-content\/uploads\/2019\/06\/BastuBygglov-7-212x300.jpg 212w, http:\/\/gtff.se\/wp-content\/uploads\/2019\/06\/BastuBygglov-7.jpg 708w\" sizes=\"(max-width: 212px) 100vw, 212px\" \/> <img loading=\"lazy\" class=\"alignnone size-medium wp-image-1715\" src=\"http:\/\/gtff.se\/wp-content\/uploads\/2019\/06\/BastuBygglov-6-212x300.jpg\" alt=\"\" width=\"212\" height=\"300\" srcset=\"http:\/\/gtff.se\/wp-content\/uploads\/2019\/06\/BastuBygglov-6-212x300.jpg 212w, http:\/\/gtff.se\/wp-content\/uploads\/2019\/06\/BastuBygglov-6.jpg 708w\" sizes=\"(max-width: 212px) 100vw, 212px\" \/> <img loading=\"lazy\" class=\"alignnone size-medium wp-image-1714\" src=\"http:\/\/gtff.se\/wp-content\/uploads\/2019\/06\/BastuBygglov-5-212x300.jpg\" alt=\"\" width=\"212\" height=\"300\" srcset=\"http:\/\/gtff.se\/wp-content\/uploads\/2019\/06\/BastuBygglov-5-212x300.jpg 212w, http:\/\/gtff.se\/wp-content\/uploads\/2019\/06\/BastuBygglov-5.jpg 708w\" sizes=\"(max-width: 212px) 100vw, 212px\" \/> <img loading=\"lazy\" class=\"alignnone size-medium wp-image-1713\" src=\"http:\/\/gtff.se\/wp-content\/uploads\/2019\/06\/BastuBygglov-4-212x300.jpg\" alt=\"\" width=\"212\" height=\"300\" srcset=\"http:\/\/gtff.se\/wp-content\/uploads\/2019\/06\/BastuBygglov-4-212x300.jpg 212w, http:\/\/gtff.se\/wp-content\/uploads\/2019\/06\/BastuBygglov-4.jpg 708w\" sizes=\"(max-width: 212px) 100vw, 212px\" \/> <img loading=\"lazy\" class=\"alignnone size-medium wp-image-1712\" src=\"http:\/\/gtff.se\/wp-content\/uploads\/2019\/06\/BastuBygglov-3-212x300.jpg\" alt=\"\" width=\"212\" height=\"300\" srcset=\"http:\/\/gtff.se\/wp-content\/uploads\/2019\/06\/BastuBygglov-3-212x300.jpg 212w, http:\/\/gtff.se\/wp-content\/uploads\/2019\/06\/BastuBygglov-3.jpg 708w\" sizes=\"(max-width: 212px) 100vw, 212px\" \/> <img loading=\"lazy\" class=\"alignnone size-medium wp-image-1711\" src=\"http:\/\/gtff.se\/wp-content\/uploads\/2019\/06\/BastuBygglov-2-212x300.jpg\" alt=\"\" width=\"212\" height=\"300\" srcset=\"http:\/\/gtff.se\/wp-content\/uploads\/2019\/06\/BastuBygglov-2-212x300.jpg 212w, http:\/\/gtff.se\/wp-content\/uploads\/2019\/06\/BastuBygglov-2.jpg 708w\" sizes=\"(max-width: 212px) 100vw, 212px\" \/>\n","protected":false},"excerpt":{"rendered":"<p>Bygglovet H\u00e4r nedan \u00e4r det kompletta och godk\u00e4nda bygglovet. Sj\u00e4lvklart hade Oskustens Marinbas blivit tillfr\u00e5gade och l\u00e4mnat sitt godk\u00e4nnande f\u00f6rst.<\/p>\n","protected":false},"author":3,"featured_media":0,"parent":1569,"menu_order":0,"comment_status":"closed","ping_status":"closed","template":"","meta":[],"_links":{"self":[{"href":"http:\/\/gtff.se\/index.php\/wp-json\/wp\/v2\/pages\/1575"}],"collection":[{"href":"http:\/\/gtff.se\/index.php\/wp-json\/wp\/v2\/pages"}],"about":[{"href":"http:\/\/gtff.se\/index.php\/wp-json\/wp\/v2\/types\/page"}],"author":[{"embeddable":true,"href":"http:\/\/gtff.se\/index.php\/wp-json\/wp\/v2\/users\/3"}],"replies":[{"embeddable":true,"href":"http:\/\/gtff.se\/index.php\/wp-json\/wp\/v2\/comments?post=1575"}],"version-history":[{"count":3,"href":"http:\/\/gtff.se\/index.php\/wp-json\/wp\/v2\/pages\/1575\/revisions"}],"predecessor-version":[{"id":1722,"href":"http:\/\/gtff.se\/index.php\/wp-json\/wp\/v2\/pages\/1575\/revisions\/1722"}],"up":[{"embeddable":true,"href":"http:\/\/gtff.se\/index.php\/wp-json\/wp\/v2\/pages\/1569"}],"wp:attachment":[{"href":"http:\/\/gtff.se\/index.php\/wp-json\/wp\/v2\/media?parent=1575"}],"curies":[{"name":"wp","href":"https:\/\/api.w.org\/{rel}","templated":true}]}}