{"id":1579,"date":"2018-12-29T18:30:05","date_gmt":"2018-12-29T17:30:05","guid":{"rendered":"http:\/\/gtff.se\/?page_id=1579"},"modified":"2025-04-06T14:39:35","modified_gmt":"2025-04-06T12:39:35","slug":"stadgar","status":"publish","type":"page","link":"http:\/\/gtff.se\/index.php\/vasterudd-bastu\/stadgar\/","title":{"rendered":"Stadgar"},"content":{"rendered":"<p>OBS! Nedanst\u00e5ende stadgar G\u00c4LLER INTE!<\/p>\n<p>Det \u00e4r ett f\u00f6rslag f\u00f6r framtiden om det finns n\u00e5gra som vill ta \u00f6ver och driva f\u00f6reningen.<br \/>\nJag tog de stadgar vi har i V\u00e4sterudds bryggf\u00f6rening (fasta bryggan) och anpassade s\u00e5 gott jag kunde.<br \/>\nSom ett f\u00f6rslag att bygga vidare p\u00e5 f\u00f6r de som ev. tar \u00f6ver.<br \/>\n\/H\u00e5kan<\/p>\n<p>V\u00e4sterudds Bastuf\u00f6rening<br \/>\nSTADGAR f\u00f6r V\u00e4sterudds Bastuf\u00f6rening<br \/>\nAntagna vid konstituerande sammantr\u00e4de<br \/>\nden 10 januari 2013<\/p>\n<p>Namn: V\u00e4sterudds Bastuf\u00f6rening<\/p>\n<ol>\n<li><strong>\u00c4ndam\u00e5l<\/strong><br \/>\nF\u00f6reningen har till \u00e4ndam\u00e5l att uppf\u00f6ra, nyttja och underh\u00e5lla en bastu vid V\u00e4sterudd p\u00e5 Musk\u00f6 i Haninge kommun. F\u00f6reningen \u00e4r ideell.<\/li>\n<li><\/li>\n<li><strong>Andelar<\/strong><br \/>\nMedlemmar i f\u00f6reningen har var sin andel per fastighet, motsvarande ett insatskapital av minimum tv\u00e5tusen kronor.<br \/>\nEller har betalt en eller flera av 4 stycken \u00e5rsavgifter p\u00e5 500 kronor.<br \/>\nAndelen ber\u00e4ttigar medlemmen att anv\u00e4nda bastun.<\/li>\n<li><\/li>\n<li><strong>Medlemskap<\/strong><br \/>\nMedlem kan endast vara den, som \u00e4r lagfaren \u00e4gare till tomt \u00e5 s\u00f6dra Musk\u00f6 samt medlem i Guldboda Tomt\u00e4gare och Fiskev\u00e5rdsf\u00f6rening.<br \/>\nVid uttr\u00e4de ur f\u00f6reningen upph\u00f6r medlemskapet automatiskt.<br \/>\nOm medlem utesluts ur f\u00f6reningen eller uttr\u00e4der av annan anledning, \u00e4ger han ej r\u00e4tt att \u00e5terkr\u00e4va sitt inbetalade andelskapital eller erlagda avgifter.<\/li>\n<li><\/li>\n<li><strong>\u00d6verl\u00e5telse<\/strong><br \/>\nMedlems r\u00e4tt till bastuplats f\u00e5r inte \u00f6verl\u00e5tas till annan \u00e4n den, som \u00e4r ber\u00e4ttigad till medlemskap i bastuf\u00f6reningen enligt dessa stadgar.<br \/>\nF\u00f6rs\u00e4ljning eller uppl\u00e5telse \u00e4r inte giltig f\u00f6rr\u00e4n den pr\u00f6vats och godk\u00e4nts av f\u00f6reningens styrelse.<\/li>\n<li><strong>F\u00f6rpliktelser<\/strong><br \/>\nVarje medlem \u00e4r skyldig att f\u00f6r sin andel inbetala vad som ut\u00f6ver erlagt andelskapital, kan erfordras f\u00f6r bastuns f\u00e4rdigst\u00e4llande och l\u00f6pande underh\u00e5ll. Eventuellt \u00f6verskott skall f\u00f6rvaltas av styrelsen f\u00f6r kommande behov.<\/li>\n<\/ol>\n<p>Varje medlem \u00e4r ansvarig f\u00f6r skada, som kan uppkomma genom otill\u00e5ten eller felaktig anv\u00e4ndning av bastun. Styrelsen \u00e4r ber\u00e4ttigad att utkr\u00e4va och f\u00f6rdela ev. ers\u00e4ttning. Bastuplatsen utg\u00f6r pant f\u00f6r ev. uppkommande ers\u00e4ttningsskyldighet<br \/>\nMedlem \u00e4r \u00e4ven ansvarig f\u00f6r familjemedlemmars och ev. g\u00e4sters \u00e5tg\u00e4rder.<\/p>\n<ol start=\"6\">\n<li><strong>Ordningsregler<\/strong><br \/>\nBastun skall hanteras aktsamt.<br \/>\nTa med egen ved, st\u00e4da och ta med skr\u00e4p hem efter\u00e5t.<\/li>\n<\/ol>\n<p>Medlem f\u00e5r inte f\u00f6reta tekniska f\u00f6r\u00e4ndringar \u00e5 bastun utan godk\u00e4nnande av styrelsen.<br \/>\nBastun f\u00e5r ej belamras med l\u00f6sa f\u00f6rem\u00e5l.<br \/>\nStyrelsen skall i \u00f6vrigt meddela de f\u00f6reskrifter som erfordras f\u00f6r bastuns anv\u00e4ndning.<\/p>\n<ol start=\"7\">\n<li><strong>F\u00f6reningsst\u00e4mma<\/strong><br \/>\nF\u00f6reningsst\u00e4mma skall h\u00e5llas d\u00e5 styrelsen s\u00e5 beslutar eller om minst tv\u00e5 tredjedelar av f\u00f6reningens medlemmar beg\u00e4r det.<br \/>\nF\u00f6reningsst\u00e4mma skall v\u00e4lja styrelse f\u00f6r tiden intill n\u00e4sta f\u00f6reningsst\u00e4mma.<br \/>\nF\u00f6reningsst\u00e4mma \u00e4r beslutsm\u00e4ssig d\u00e5 h\u00e4lften av medlemmarna \u00e4r n\u00e4rvarande.<br \/>\nVid f\u00f6reningsst\u00e4mman skall f\u00f6reningens r\u00e4kenskaper f\u00f6r f\u00f6reg\u00e5ende och l\u00f6pande \u00e5r finnas tillg\u00e4ngliga.<br \/>\nKallelse skall ske med e-post till den av medlemmen till GTFF uppgivna e-post adress senast 14 dagar f\u00f6re utsatt dag.<br \/>\nR\u00f6stning sker \u00f6ppet. Varje medlem har en r\u00f6st.<\/li>\n<li><\/li>\n<li><strong>Styrelse<\/strong><br \/>\nStyrelsen har sitt s\u00e4te i Stockholm.<br \/>\nStyrelsen skall best\u00e5 av minst tre medlemmar och h\u00f6gst sju medlemmar.<br \/>\nStyrelsen sammankallas av ordf\u00f6randen p\u00e5 l\u00e4mpligt s\u00e4tt.<br \/>\nF\u00f6reningens firma tecknas av tv\u00e5 av styrelsens ledam\u00f6ter i f\u00f6rening.<\/li>\n<li><\/li>\n<li><strong>Revision<\/strong><br \/>\nOm n\u00e5gon medlem s\u00e5 fordrar skall f\u00f6reningens r\u00e4kenskaper granskas av revisor, som utses av f\u00f6reningsst\u00e4mman.<\/li>\n<li><\/li>\n<li><strong>P\u00e5f\u00f6ljder<\/strong><br \/>\nMedlem som inte inom tre m\u00e5nader efter anmodan fullg\u00f6r sin betalningsskyldighet gentemot f\u00f6reningen, kan genom beslut av styrelsen uteslutas och mister d\u00e4rmed sitt medlemskap automatiskt.<br \/>\nStyrelsens beslut om uteslutning kan ompr\u00f6vas av n\u00e4rmast p\u00e5f\u00f6ljande f\u00f6reningsst\u00e4mma, f\u00f6r vilken styrelsens beslut skall redovisas.<\/li>\n<li><\/li>\n<li><strong>Ansvar<\/strong><br \/>\nF\u00f6r f\u00f6reningens f\u00f6rbindelser svara endast dess tillg\u00e5ngar. Styrelsen f\u00e5r inte ikl\u00e4da f\u00f6reningen ekonomiska f\u00f6rpliktelser utan att medlemmarna i f\u00f6rskott inbetalt erforderliga medel.<br \/>\nF\u00f6reningens medlemmar \u00e4r utan personligt ansvar ut\u00f6ver det som f\u00f6reskrivits i dess stadgar.<\/li>\n<li><\/li>\n<li><strong>S\u00e4rskilda best\u00e4mmelser<\/strong><br \/>\nMedlemskap i f\u00f6reningen \u00e4r inte giltigt och bastuplats f\u00e5r ej tagas i bruk av medlem f\u00f6rr\u00e4n denne genom underskrift \u00e5 dessa stadgar f\u00f6rbundit sig att respektera vad d\u00e4ri f\u00f6reskrivits.<br \/>\nOm fr\u00e5ga eller tvist uppkommer, som inte \u00e4r f\u00f6rutsedd i dessa stadgar skall till\u00e4mpliga best\u00e4mmelser i g\u00e4llande lag om ekonomiska f\u00f6reningar i till\u00e4mpliga delar komplettera dessa stadgar.<\/li>\n<li><\/li>\n<li><strong>Skiljedomsklausul<\/strong><br \/>\nOm tvist skulle uppst\u00e5 ang\u00e5ende de f\u00f6rh\u00e5llanden som ber\u00f6rs av dessa stadgar, skall den avg\u00f6ras genom skiljedom s\u00e5som f\u00f6reskrivs i lag.<br \/>\nTvisten skall avg\u00f6ras av en skiljeman, som utses av Styrelsen f\u00f6r Guldboda Tomt\u00e4garf\u00f6rening.<\/li>\n<\/ol>\n","protected":false},"excerpt":{"rendered":"<p>OBS! Nedanst\u00e5ende stadgar G\u00c4LLER INTE! Det \u00e4r ett f\u00f6rslag f\u00f6r framtiden om det finns n\u00e5gra som vill ta \u00f6ver och driva f\u00f6reningen. Jag tog de stadgar vi har i V\u00e4sterudds bryggf\u00f6rening (fasta bryggan) och anpassade s\u00e5 gott jag kunde. Som ett f\u00f6rslag att bygga vidare p\u00e5 f\u00f6r de som ev. tar \u00f6ver. \/H\u00e5kan V\u00e4sterudds Bastuf\u00f6rening&#8230;  <a class=\"excerpt-read-more\" href=\"http:\/\/gtff.se\/index.php\/vasterudd-bastu\/stadgar\/\" title=\"Read Stadgar\">L\u00e4s mera &raquo;<\/a><\/p>\n","protected":false},"author":3,"featured_media":0,"parent":1569,"menu_order":0,"comment_status":"closed","ping_status":"closed","template":"","meta":[],"_links":{"self":[{"href":"http:\/\/gtff.se\/index.php\/wp-json\/wp\/v2\/pages\/1579"}],"collection":[{"href":"http:\/\/gtff.se\/index.php\/wp-json\/wp\/v2\/pages"}],"about":[{"href":"http:\/\/gtff.se\/index.php\/wp-json\/wp\/v2\/types\/page"}],"author":[{"embeddable":true,"href":"http:\/\/gtff.se\/index.php\/wp-json\/wp\/v2\/users\/3"}],"replies":[{"embeddable":true,"href":"http:\/\/gtff.se\/index.php\/wp-json\/wp\/v2\/comments?post=1579"}],"version-history":[{"count":6,"href":"http:\/\/gtff.se\/index.php\/wp-json\/wp\/v2\/pages\/1579\/revisions"}],"predecessor-version":[{"id":3003,"href":"http:\/\/gtff.se\/index.php\/wp-json\/wp\/v2\/pages\/1579\/revisions\/3003"}],"up":[{"embeddable":true,"href":"http:\/\/gtff.se\/index.php\/wp-json\/wp\/v2\/pages\/1569"}],"wp:attachment":[{"href":"http:\/\/gtff.se\/index.php\/wp-json\/wp\/v2\/media?parent=1579"}],"curies":[{"name":"wp","href":"https:\/\/api.w.org\/{rel}","templated":true}]}}