{"id":1581,"date":"2018-12-29T18:30:27","date_gmt":"2018-12-29T17:30:27","guid":{"rendered":"http:\/\/gtff.se\/?page_id=1581"},"modified":"2018-12-29T18:40:52","modified_gmt":"2018-12-29T17:40:52","slug":"kontakt","status":"publish","type":"page","link":"http:\/\/gtff.se\/index.php\/vasterudd-bastu\/kontakt\/","title":{"rendered":"Kontakt"},"content":{"rendered":"<p>F\u00f6r information om medlemskap eller \u00f6vriga fr\u00e5gor ta kontakt med H\u00e5kan Gullberg.<br \/>\nAntingen per e-post spurre(at)tele2.se eller mobil 0734 450 998<\/p>\n<p>Med v\u00e4nliga h\u00e4lsningar<\/p>\n<p>H\u00e5kan<\/p>\n","protected":false},"excerpt":{"rendered":"<p>F\u00f6r information om medlemskap eller \u00f6vriga fr\u00e5gor ta kontakt med H\u00e5kan Gullberg. Antingen per e-post spurre(at)tele2.se eller mobil 0734 450 998 Med v\u00e4nliga h\u00e4lsningar H\u00e5kan<\/p>\n","protected":false},"author":3,"featured_media":0,"parent":1569,"menu_order":0,"comment_status":"closed","ping_status":"closed","template":"","meta":[],"_links":{"self":[{"href":"http:\/\/gtff.se\/index.php\/wp-json\/wp\/v2\/pages\/1581"}],"collection":[{"href":"http:\/\/gtff.se\/index.php\/wp-json\/wp\/v2\/pages"}],"about":[{"href":"http:\/\/gtff.se\/index.php\/wp-json\/wp\/v2\/types\/page"}],"author":[{"embeddable":true,"href":"http:\/\/gtff.se\/index.php\/wp-json\/wp\/v2\/users\/3"}],"replies":[{"embeddable":true,"href":"http:\/\/gtff.se\/index.php\/wp-json\/wp\/v2\/comments?post=1581"}],"version-history":[{"count":2,"href":"http:\/\/gtff.se\/index.php\/wp-json\/wp\/v2\/pages\/1581\/revisions"}],"predecessor-version":[{"id":1593,"href":"http:\/\/gtff.se\/index.php\/wp-json\/wp\/v2\/pages\/1581\/revisions\/1593"}],"up":[{"embeddable":true,"href":"http:\/\/gtff.se\/index.php\/wp-json\/wp\/v2\/pages\/1569"}],"wp:attachment":[{"href":"http:\/\/gtff.se\/index.php\/wp-json\/wp\/v2\/media?parent=1581"}],"curies":[{"name":"wp","href":"https:\/\/api.w.org\/{rel}","templated":true}]}}