{"id":21,"date":"2017-01-03T10:52:50","date_gmt":"2017-01-03T09:52:50","guid":{"rendered":"http:\/\/gtff.duncastudio.se\/?page_id=21"},"modified":"2025-03-26T20:41:43","modified_gmt":"2025-03-26T19:41:43","slug":"valborg","status":"publish","type":"page","link":"http:\/\/gtff.se\/index.php\/kalender\/valborg\/","title":{"rendered":"Valborg"},"content":{"rendered":"<p>Sedan \u00e5r 2000 v\u00e4lkomnar vi v\u00e5ren med en valborgsm\u00e4ssoeld p\u00e5 \u00e4ngen vid tennisbanan. Detta \u00e4r \u00e5rets f\u00f6rsta tillf\u00e4lle f\u00f6r alla att umg\u00e5s och dela med sig av vad som h\u00e4nt under det g\u00e5ngna vinterhalv\u00e5ret.<\/p>\n<p>Brasan t\u00e4nds 20:00.<br \/>\nInf\u00f6r Valborg hj\u00e4lps vi \u00e5t att samla skogsavfall till en brasa. Vanligen betyder det att vi samlar ris under v\u00e5rst\u00e4dningen. Alla beh\u00f6ver hj\u00e4lpas \u00e5t att ta ansvar f\u00f6r att det inte l\u00e4ggs f\u00f6r stora stockar eller annat som brinner l\u00e5ngsamt p\u00e5 h\u00f6gen.<\/p>\n<p>Det har vissa \u00e5r varit sv\u00e5rt att f\u00e5 tillr\u00e4ckligt m\u00e5nga eldvakter s\u00e5 h\u00f6r g\u00e4rna av dig till styrelsen om du kan t\u00e4nka dig att ta ett eldvaktspass p\u00e5 Valborg!<\/p>\n","protected":false},"excerpt":{"rendered":"<p>Sedan \u00e5r 2000 v\u00e4lkomnar vi v\u00e5ren med en valborgsm\u00e4ssoeld p\u00e5 \u00e4ngen vid tennisbanan. Detta \u00e4r \u00e5rets f\u00f6rsta tillf\u00e4lle f\u00f6r alla att umg\u00e5s och dela med sig av vad som h\u00e4nt under det g\u00e5ngna vinterhalv\u00e5ret. Brasan t\u00e4nds 20:00. Inf\u00f6r Valborg hj\u00e4lps vi \u00e5t att samla skogsavfall till en brasa. Vanligen betyder det att vi samlar ris&#8230;  <a class=\"excerpt-read-more\" href=\"http:\/\/gtff.se\/index.php\/kalender\/valborg\/\" title=\"Read Valborg\">L\u00e4s mera &raquo;<\/a><\/p>\n","protected":false},"author":1,"featured_media":0,"parent":15,"menu_order":0,"comment_status":"closed","ping_status":"closed","template":"","meta":[],"_links":{"self":[{"href":"http:\/\/gtff.se\/index.php\/wp-json\/wp\/v2\/pages\/21"}],"collection":[{"href":"http:\/\/gtff.se\/index.php\/wp-json\/wp\/v2\/pages"}],"about":[{"href":"http:\/\/gtff.se\/index.php\/wp-json\/wp\/v2\/types\/page"}],"author":[{"embeddable":true,"href":"http:\/\/gtff.se\/index.php\/wp-json\/wp\/v2\/users\/1"}],"replies":[{"embeddable":true,"href":"http:\/\/gtff.se\/index.php\/wp-json\/wp\/v2\/comments?post=21"}],"version-history":[{"count":9,"href":"http:\/\/gtff.se\/index.php\/wp-json\/wp\/v2\/pages\/21\/revisions"}],"predecessor-version":[{"id":2963,"href":"http:\/\/gtff.se\/index.php\/wp-json\/wp\/v2\/pages\/21\/revisions\/2963"}],"up":[{"embeddable":true,"href":"http:\/\/gtff.se\/index.php\/wp-json\/wp\/v2\/pages\/15"}],"wp:attachment":[{"href":"http:\/\/gtff.se\/index.php\/wp-json\/wp\/v2\/media?parent=21"}],"curies":[{"name":"wp","href":"https:\/\/api.w.org\/{rel}","templated":true}]}}