{"id":29,"date":"2017-01-03T10:53:43","date_gmt":"2017-01-03T09:53:43","guid":{"rendered":"http:\/\/gtff.duncastudio.se\/?page_id=29"},"modified":"2024-08-10T14:44:38","modified_gmt":"2024-08-10T12:44:38","slug":"golftavling","status":"publish","type":"page","link":"http:\/\/gtff.se\/index.php\/kalender\/golftavling\/","title":{"rendered":"Golft\u00e4vling"},"content":{"rendered":"<p>Under n\u00e5gra \u00e5r anordnades en golft\u00e4vling f\u00f6r GTFF:s medlemmar p\u00e5 K\u00f6runda Golfbana. Slagspel 18 h\u00e5l med handicap en klass. Samt L\u00e4ngsta Drive (Herr och Dam) och N\u00e4rmast h\u00e5l.<\/p>\n<p><strong>Resultat<\/strong><\/p>\n<p><a href=\"http:\/\/gtff.se\/wp-content\/uploads\/2019\/08\/GTFFgolfresultat_2019.pdf\">Golf_resultat_2019<\/a><br \/>\n<a href=\"http:\/\/gtff.se\/wp-content\/uploads\/2018\/10\/GTFFgolfresultat_2018.pdf\">Golf_resultat_2018<br \/>\n<\/a><a href=\"http:\/\/gtff.se\/wp-content\/uploads\/2018\/10\/GTFFgolfresultat_2017.pdf\">Golf_resultat_2017<br \/>\n<\/a><a href=\"http:\/\/gtff.se\/wp-content\/uploads\/2017\/03\/GTFFgolfresultat_2016.pdf\">Golf_resultat_2016<br \/>\n<\/a><a href=\"http:\/\/gtff.se\/wp-content\/uploads\/2017\/03\/GTFFgolf_resultat_2015.pdf\">Golf_resultat_2015<br \/>\n<\/a><a href=\"http:\/\/gtff.se\/wp-content\/uploads\/2017\/01\/GTFFgolf_resultat_2014.pdf\">Golf_resultat_2014<br \/>\n<\/a><a href=\"http:\/\/gtff.se\/wp-content\/uploads\/2017\/01\/GTFFgolf_resultat_2013.pdf\">Golf_resultat_2013<br \/>\n<\/a><a href=\"http:\/\/gtff.se\/wp-content\/uploads\/2017\/01\/GTFFgolf_resultat_2012.pdf\">Golf_resultat_2012<br \/>\n<\/a><a href=\"http:\/\/gtff.duncastudio.se\/wp-content\/uploads\/2017\/01\/GTFFgolf_resultat_2010.pdf\">Golf_resultat_<\/a><a href=\"http:\/\/gtff.se\/wp-content\/uploads\/2017\/01\/GTFFgolf_resultat_2011.pdf\">2011<br \/>\n<\/a><a href=\"http:\/\/gtff.se\/wp-content\/uploads\/2017\/01\/GTFFgolf_resultat_2010.pdf\">Golf_resultat_2010<\/a><\/p>\n","protected":false},"excerpt":{"rendered":"<p>Under n\u00e5gra \u00e5r anordnades en golft\u00e4vling f\u00f6r GTFF:s medlemmar p\u00e5 K\u00f6runda Golfbana. Slagspel 18 h\u00e5l med handicap en klass. Samt L\u00e4ngsta Drive (Herr och Dam) och N\u00e4rmast h\u00e5l. Resultat Golf_resultat_2019 Golf_resultat_2018 Golf_resultat_2017 Golf_resultat_2016 Golf_resultat_2015 Golf_resultat_2014 Golf_resultat_2013 Golf_resultat_2012 Golf_resultat_2011 Golf_resultat_2010<\/p>\n","protected":false},"author":1,"featured_media":0,"parent":15,"menu_order":0,"comment_status":"closed","ping_status":"closed","template":"","meta":[],"_links":{"self":[{"href":"http:\/\/gtff.se\/index.php\/wp-json\/wp\/v2\/pages\/29"}],"collection":[{"href":"http:\/\/gtff.se\/index.php\/wp-json\/wp\/v2\/pages"}],"about":[{"href":"http:\/\/gtff.se\/index.php\/wp-json\/wp\/v2\/types\/page"}],"author":[{"embeddable":true,"href":"http:\/\/gtff.se\/index.php\/wp-json\/wp\/v2\/users\/1"}],"replies":[{"embeddable":true,"href":"http:\/\/gtff.se\/index.php\/wp-json\/wp\/v2\/comments?post=29"}],"version-history":[{"count":33,"href":"http:\/\/gtff.se\/index.php\/wp-json\/wp\/v2\/pages\/29\/revisions"}],"predecessor-version":[{"id":2752,"href":"http:\/\/gtff.se\/index.php\/wp-json\/wp\/v2\/pages\/29\/revisions\/2752"}],"up":[{"embeddable":true,"href":"http:\/\/gtff.se\/index.php\/wp-json\/wp\/v2\/pages\/15"}],"wp:attachment":[{"href":"http:\/\/gtff.se\/index.php\/wp-json\/wp\/v2\/media?parent=29"}],"curies":[{"name":"wp","href":"https:\/\/api.w.org\/{rel}","templated":true}]}}