{"id":342,"date":"2017-01-15T19:33:42","date_gmt":"2017-01-15T18:33:42","guid":{"rendered":"http:\/\/beta.gtff.se\/?page_id=342"},"modified":"2019-08-02T10:22:30","modified_gmt":"2019-08-02T08:22:30","slug":"eldningbrand","status":"publish","type":"page","link":"http:\/\/gtff.se\/index.php\/verksamhetsomraden\/mark-och-skogsvard\/eldningbrand\/","title":{"rendered":"Eldning &#038; Brand"},"content":{"rendered":"<p>Eldningsveckorna i Haninge Kommun st\u00e5r p\u00e5 deras hemsida &gt; <a href=\"http:\/\/www.smohf.se\/amnesomraden\/avfall-atervinning\/eldning\/\">eldningsveckor.<\/a><br \/>\nVid eldning av ris m.m. i st\u00f6rre omfattning g\u00f6rs alltid f\u00f6ranm\u00e4lan till S\u00f6dert\u00f6rns Brandf\u00f6rsvarsf\u00f6rbund, telefon 08 721 22 00. Uppgift om aktuell brandrisk l\u00e4mnas av R\u00e4ddningstj\u00e4nstens automatiska telefonsvarare p\u00e5 telefon 08 721 23 26.<br \/>\nAll eldning sker p\u00e5 egen risk.<br \/>\nBrandf\u00f6rsvaret tillkallas via larmnumret 112.<\/p>\n<p>Vi har en gemensam eldningsplats i norra \u00e4nden av midsommar\u00e4ngen. Under april och september f\u00e5r vi l\u00e4gga grenar och kvistar d\u00e4r. \u00d6vrig tid ska vi inte ha n\u00e5gra eldningsh\u00f6gar d\u00e4r. \u00c4ven under april och september kan det bli &#8221;fullt&#8221; &#8211; detta kommer d\u00e5 att ansl\u00e5s p\u00e5 \u00e4ngen.<br \/>\nH\u00f6garna eldar vi gemensamt upp vid Valborg resp. h\u00f6stst\u00e4dningen.<\/p>\n","protected":false},"excerpt":{"rendered":"<p>Eldningsveckorna i Haninge Kommun st\u00e5r p\u00e5 deras hemsida &gt; eldningsveckor. Vid eldning av ris m.m. i st\u00f6rre omfattning g\u00f6rs alltid f\u00f6ranm\u00e4lan till S\u00f6dert\u00f6rns Brandf\u00f6rsvarsf\u00f6rbund, telefon 08 721 22 00. Uppgift om aktuell brandrisk l\u00e4mnas av R\u00e4ddningstj\u00e4nstens automatiska telefonsvarare p\u00e5 telefon 08 721 23 26. All eldning sker p\u00e5 egen risk. Brandf\u00f6rsvaret tillkallas via larmnumret 112&#8230;.  <a class=\"excerpt-read-more\" href=\"http:\/\/gtff.se\/index.php\/verksamhetsomraden\/mark-och-skogsvard\/eldningbrand\/\" title=\"Read Eldning &#038; Brand\">L\u00e4s mera &raquo;<\/a><\/p>\n","protected":false},"author":2,"featured_media":0,"parent":83,"menu_order":0,"comment_status":"closed","ping_status":"closed","template":"","meta":[],"_links":{"self":[{"href":"http:\/\/gtff.se\/index.php\/wp-json\/wp\/v2\/pages\/342"}],"collection":[{"href":"http:\/\/gtff.se\/index.php\/wp-json\/wp\/v2\/pages"}],"about":[{"href":"http:\/\/gtff.se\/index.php\/wp-json\/wp\/v2\/types\/page"}],"author":[{"embeddable":true,"href":"http:\/\/gtff.se\/index.php\/wp-json\/wp\/v2\/users\/2"}],"replies":[{"embeddable":true,"href":"http:\/\/gtff.se\/index.php\/wp-json\/wp\/v2\/comments?post=342"}],"version-history":[{"count":7,"href":"http:\/\/gtff.se\/index.php\/wp-json\/wp\/v2\/pages\/342\/revisions"}],"predecessor-version":[{"id":1890,"href":"http:\/\/gtff.se\/index.php\/wp-json\/wp\/v2\/pages\/342\/revisions\/1890"}],"up":[{"embeddable":true,"href":"http:\/\/gtff.se\/index.php\/wp-json\/wp\/v2\/pages\/83"}],"wp:attachment":[{"href":"http:\/\/gtff.se\/index.php\/wp-json\/wp\/v2\/media?parent=342"}],"curies":[{"name":"wp","href":"https:\/\/api.w.org\/{rel}","templated":true}]}}