{"id":83,"date":"2017-01-03T11:13:48","date_gmt":"2017-01-03T10:13:48","guid":{"rendered":"http:\/\/gtff.duncastudio.se\/?page_id=83"},"modified":"2026-03-31T23:38:16","modified_gmt":"2026-03-31T21:38:16","slug":"mark-och-skogsvard","status":"publish","type":"page","link":"http:\/\/gtff.se\/index.php\/verksamhetsomraden\/mark-och-skogsvard\/","title":{"rendered":"Mark &#038; Skogsv\u00e5rd"},"content":{"rendered":"<p>V\u00e5r f\u00f6rening har stora omr\u00e5den med gemensam mark. Omr\u00e5det beh\u00f6ver kontinuerligt v\u00e5rdas och h\u00e5llas efter. Detta sker i f\u00f6rsta hand p\u00e5 v\u00e5ra gemensamma st\u00e4ddagar.<\/p>\n<p>Anm\u00e4lan vid akuta h\u00e4ndelser tex om fallna tr\u00e4d efter storm, sker till respektive <a href=\"http:\/\/gtff.se\/index.php\/organisation\/kvartersmastare\/\">kvarterm\u00e4stare<\/a> alternativt till f\u00f6reningens <a href=\"http:\/\/gtff.se\/index.php\/om-gtff\/styrelse\/\">styrelse<\/a>. D\u00e4refter tar f\u00f6reningen hand om dessa tr\u00e4d s\u00e5 fort det finns m\u00f6jlighet.<\/p>\n<p><strong>F\u00f6reningen har tagit fram <a href=\"http:\/\/gtff.se\/wp-content\/uploads\/2025\/06\/Utgangspunkter-for-tradavverkning-och-markskotsel-pa-Guldboda-slutlig-juni-24.pdf\">allm\u00e4nna principer<\/a> f\u00f6r tr\u00e4davverkning och r\u00f6jning<\/strong><br \/>I korthet g\u00e4ller att utg\u00e5ngspunkten ska vara skogsv\u00e5rd\/markv\u00e5rd f\u00f6r en levande skogsmark och biologisk m\u00e5ngfald d\u00e4r Skogsstyrelsens tidigare inventering av omr\u00e5det tas tillvara. Allts\u00e5 ska som princip\u00a0 d\u00f6d ved sparas, l\u00f6vtr\u00e4d och tall ska gynnas genom f\u00f6rsiktig gallring i omr\u00e5den d\u00e4r Skogsstyrelsen rekommenderar detta. Enskilda gamla tr\u00e4d ska identifieras och sparas. Med respekt f\u00f6r detta ska gallringen ocks\u00e5 syfta till att underl\u00e4tta tillg\u00e5ng till marken och till trivsel, s\u00e4kerhet och framkomlighet p\u00e5 \u00f6ppna \u00e4ngs- och parkomr\u00e5den, uppm\u00e4rkta stigar och v\u00e4gar b\u00e5de f\u00f6r medlemmarna som kollektiv och enskilda fastigheter.<\/p>\n<p>Dessutom har omr\u00e5den d\u00e4r det \u00e4r viktigt att vara extra f\u00f6rsiktig identifierats, i nul\u00e4get \u00c4ngen och \u00d6rnsand \u00e4r s\u00e5dana. Vid nedtagning av flera tr\u00e4d inom samma omr\u00e5de ska \u00f6vriga medlemmar alltid informeras \u00e5tminstone genom hemsidan.<\/p>\n<p>De allm\u00e4nna principerna inneh\u00e5ller ocks\u00e5 regler f\u00f6r avverkningar som f\u00f6reningen genomf\u00f6r med eller utan entrepren\u00f6r. Ambitionen ska vara en kontinuerlig sk\u00f6tsel, snarare \u00e4n punktvisa stora avverkningar. Ungef\u00e4r vart femte \u00e5r uppr\u00e4ttas en \u00f6versiktlig plan f\u00f6r sk\u00f6tsel och eventuellt behov av avverkning f\u00f6r ett enskilt kvarter. Slutligen inneh\u00e5ller principdokumentet ocks\u00e5 utg\u00e5ngspunkter f\u00f6r enskilda medlemmars \u00f6nskem\u00e5l om f\u00e4llning av enstaka tr\u00e4d. Principen \u00e4r att inga tr\u00e4d f\u00e5r tas ner eller kraftigt besk\u00e4ras p\u00e5 allm\u00e4nningarna av enskilda medlemmar som inte f\u00f6rst f\u00e5tt klartecken fr\u00e5n kvarterm\u00e4stare eller styrelsen.<\/p>\n<p>Sk\u00f6tselplaner som hittills tagits fram \u00e4r:<br \/><a href=\"http:\/\/gtff.se\/wp-content\/uploads\/2025\/03\/Skotselplan-kvarter-3.pdf\">Kvarter 3 (2024 &#8211; 2028)<\/a><\/p>\n<p><a href=\"http:\/\/gtff.se\/wp-content\/uploads\/2026\/03\/Skotselplan-kvarter-4-jan-26-1-1.pdf\">Kvarter 4 (2026 &#8211; 2030)<\/a><\/p>\n<p><a href=\"http:\/\/gtff.se\/wp-content\/uploads\/2026\/03\/Skotselplan-kvarter-5-jan-26.pdf\">Kvarter 5 (2026 &#8211; 2030)<\/a><br \/><a href=\"http:\/\/gtff.se\/wp-content\/uploads\/2025\/06\/Skotselplan-kvarter-6.pdf\">Kvarter 6 (2025 -2029)<\/a><br \/><a href=\"http:\/\/gtff.se\/wp-content\/uploads\/2025\/06\/Skotselplan-kvarter-7.pdf\">Kvarter 7 (2025 &#8211; 2029)<\/a><br \/><a href=\"http:\/\/gtff.se\/wp-content\/uploads\/2025\/03\/skotselplan-kvarter-8.pdf\">Kvarter 8 (2023 &#8211; 2027)<\/a><br \/><a href=\"http:\/\/gtff.se\/wp-content\/uploads\/2025\/03\/skotselplan-kvarter-9.pdf\">Kvarter 9 (2023 &#8211; 2027)<\/a><\/p>\n\n\n<p><\/p>\n","protected":false},"excerpt":{"rendered":"<p>V\u00e5r f\u00f6rening har stora omr\u00e5den med gemensam mark. Omr\u00e5det beh\u00f6ver kontinuerligt v\u00e5rdas och h\u00e5llas efter. Detta sker i f\u00f6rsta hand p\u00e5 v\u00e5ra gemensamma st\u00e4ddagar. Anm\u00e4lan vid akuta h\u00e4ndelser tex om fallna tr\u00e4d efter storm, sker till respektive kvarterm\u00e4stare alternativt till f\u00f6reningens styrelse. D\u00e4refter tar f\u00f6reningen hand om dessa tr\u00e4d s\u00e5 fort det finns m\u00f6jlighet. F\u00f6reningen&#8230;  <a class=\"excerpt-read-more\" href=\"http:\/\/gtff.se\/index.php\/verksamhetsomraden\/mark-och-skogsvard\/\" title=\"Read Mark &#038; Skogsv\u00e5rd\">L\u00e4s mera &raquo;<\/a><\/p>\n","protected":false},"author":1,"featured_media":0,"parent":77,"menu_order":0,"comment_status":"closed","ping_status":"closed","template":"","meta":[],"_links":{"self":[{"href":"http:\/\/gtff.se\/index.php\/wp-json\/wp\/v2\/pages\/83"}],"collection":[{"href":"http:\/\/gtff.se\/index.php\/wp-json\/wp\/v2\/pages"}],"about":[{"href":"http:\/\/gtff.se\/index.php\/wp-json\/wp\/v2\/types\/page"}],"author":[{"embeddable":true,"href":"http:\/\/gtff.se\/index.php\/wp-json\/wp\/v2\/users\/1"}],"replies":[{"embeddable":true,"href":"http:\/\/gtff.se\/index.php\/wp-json\/wp\/v2\/comments?post=83"}],"version-history":[{"count":29,"href":"http:\/\/gtff.se\/index.php\/wp-json\/wp\/v2\/pages\/83\/revisions"}],"predecessor-version":[{"id":3102,"href":"http:\/\/gtff.se\/index.php\/wp-json\/wp\/v2\/pages\/83\/revisions\/3102"}],"up":[{"embeddable":true,"href":"http:\/\/gtff.se\/index.php\/wp-json\/wp\/v2\/pages\/77"}],"wp:attachment":[{"href":"http:\/\/gtff.se\/index.php\/wp-json\/wp\/v2\/media?parent=83"}],"curies":[{"name":"wp","href":"https:\/\/api.w.org\/{rel}","templated":true}]}}