{"id":85,"date":"2017-01-03T11:14:03","date_gmt":"2017-01-03T10:14:03","guid":{"rendered":"http:\/\/gtff.duncastudio.se\/?page_id=85"},"modified":"2020-05-21T21:05:03","modified_gmt":"2020-05-21T19:05:03","slug":"trygghet-och-sakerhet","status":"publish","type":"page","link":"http:\/\/gtff.se\/index.php\/verksamhetsomraden\/trygghet-och-sakerhet\/","title":{"rendered":"Grannsamverkan &#038; S\u00e4kerhet"},"content":{"rendered":"<p>B\u00e5de brottslighet och obeh\u00f6rig trafik har \u00f6kat inom v\u00e5rt omr\u00e5de under senare \u00e5r och den kommer att \u00f6ka ytterligare om vi inte vidtar f\u00f6rebyggande \u00e5tg\u00e4rder f\u00f6r att v\u00e4nda trenden. Vi beh\u00f6ver minska risken f\u00f6r st\u00f6lder och inbrott och \u00f6ka k\u00e4nslan av s\u00e4kerhet,\u00a0trygghet och trivsel i v\u00e5rt omr\u00e5de.<strong>\u00a0<\/strong><\/p>\n<p><strong>Grannsamverkan<\/strong><\/p>\n<p>Grannsamverkan handlar om att vi i samverkan med Polisen arbetar f\u00f6r att minska brottsligheten. Huvudansvarig \u00e4r\u00a0<a href=\"mailto:johan.silen@johansilen.se\">Johan Sil\u00e9n<\/a>.<\/p>\n<p>P\u00e5 detta s\u00e4tt f\u00f6rsv\u00e5rar vi f\u00f6r f\u00f6r\u00f6vare att hitta st\u00f6ldobjekt och v\u00e5rt omr\u00e5de blir efter hand mindre attraktivt f\u00f6r brottslingar. Vi skall forts\u00e4tta p\u00e5 den inslagna v\u00e4gen och successivt ha aktivitet kring grann- och b\u00e5tsamverkan.<\/p>\n<table>\n<tbody>\n<tr>\n<td>Operativt huvudansvarig<\/td>\n<td><a href=\"mailto:johan.silen@johansilen.se\">Johan Sil\u00e9n<\/a><\/td>\n<\/tr>\n<tr>\n<td><\/td>\n<td><a href=\"mailto:mattias@gtff.se\">Mattias Nordin<\/a><\/td>\n<\/tr>\n<\/tbody>\n<\/table>\n<p><strong>F\u00f6rebyggande aktiviteter<\/strong><\/p>\n<p>Historiskt har det inte p\u00e5g\u00e5tt n\u00e5gon strukturerad verksamhet i f\u00f6reningen kring s\u00e4kerhet liknande den som finns kring v\u00e4gar eller t.ex. fiskev\u00e5rd. Det finns inte heller n\u00e5got i stadgarna eller i ordningsf\u00f6reskrifterna som fr\u00e4mjar trygghet och s\u00e4kerhetst\u00e4nk i f\u00f6reningen.<\/p>\n<p>Vi kommer att skicka ut ett informationsbrev om s\u00e4kerhet till medlemmarna en g\u00e5ng per \u00e5r. Det ger\u00a0m\u00f6jlighet att sprida information om vad som h\u00e4nt och vad man skall t\u00e4nka p\u00e5 fram\u00f6ver.<\/p>\n<p><strong>Brottsf\u00f6rebyggande tips<\/strong><\/p>\n<p>Det \u00e4r viktigt att du och dina grannar hj\u00e4lps \u00e5t att f\u00e5 era bost\u00e4der att se bebodda ut \u00e4ven om ingen \u00e4r hemma och att det grundl\u00e4ggande skyddet fungerar. H\u00e4r f\u00f6ljer en rad tips som i olika utstr\u00e4ckning kan till\u00e4mpas p\u00e5 villa-\/radhusomr\u00e5den eller i flerfamiljshus.<\/p>\n<p>1. Arrangera s\u00e5 att lampor t\u00e4nds och sl\u00e4cks, helst oregelbundet och bara n\u00e4r det \u00e4r m\u00f6rkt ute.<\/p>\n<p>2. Installera utomhusbelysning som startar n\u00e4r n\u00e5gon kommer.<\/p>\n<p>3. L\u00e5t radion g\u00e5 p\u00e5 med timer s\u00e5 det h\u00f6rs ljud i hemmet. Sl\u00e5 dock inte p\u00e5 TV-apparaten eftersom detta \u00f6kar brandrisken. T\u00e4nk ocks\u00e5 p\u00e5 att inte st\u00f6ra grannarna med f\u00f6r h\u00f6g volym.<\/p>\n<p>4. Installera utomhusbelysning som t\u00e4nds med r\u00f6relsevakt vid entr\u00e9- och altand\u00f6rrar.<\/p>\n<p>5. Be n\u00e5gon granne t\u00f6mma brevl\u00e5dan p\u00e5 post och reklam och peta in posten om den sticker ut (brevl\u00e5dorna finns inte vid husen men det kan vara bra att t\u00f6mma dem iallafall f\u00f6r att inte visa att man inte \u00e4r hemma).<\/p>\n<p>6. Be en granne att skotta efter sn\u00f6fall eller i varje fall trampa upp sp\u00e5r i sn\u00f6n. Grannen kan ocks\u00e5 k\u00f6ra sin bil fram och tillbaka n\u00e5gra g\u00e5nger p\u00e5 infarten.<\/p>\n<p>7. Under sommartid kan grannen klippa gr\u00e4smattan vid l\u00e4ngre bortavaro.<\/p>\n<p>8. Be en granne parkera sin bil p\u00e5 er tomt d\u00e5 och d\u00e5 s\u00e5 att huset ser bebott ut.<\/p>\n<p>9. F\u00f6rvara tr\u00e4dg\u00e5rdsredskap och stegar inomhus, i l\u00e5st f\u00f6rr\u00e5d eller fastl\u00e5sta, s\u00e5 att tjuven inte kan anv\u00e4nda dem till att krossa f\u00f6nster med eller bryta sig in i ditt eller dina grannars hus.<\/p>\n<p>10. L\u00e4mna inte st\u00f6ldbeg\u00e4rliga m\u00f6bler, grillar och tr\u00e4dg\u00e5rdsmaskiner etc. ol\u00e5sta p\u00e5 uteplatsen.<\/p>\n<p>11. Tala inte om att du \u00e4r bortrest p\u00e5 telefonsvararen och skylta inte p\u00e5 n\u00e4tet n\u00e4r du reser bort.<\/p>\n<p>12. Var f\u00f6rsiktig med statusuppdateringar i sociala medier, tala inte om att du \u00e4r bortrest och hur l\u00e4nge.<br \/>\nKom ocks\u00e5 ih\u00e5g att m\u00e5nga tj\u00e4nster geotaggar dina inl\u00e4gg (Facebook, Instagram, Twitter m fl).<\/p>\n<p>13. L\u00e5s f\u00f6nster och d\u00f6rrar. L\u00e4mna inte n\u00e5gra nycklar hemma, \u00e4ven de smartaste g\u00f6mst\u00e4llen kan avsl\u00f6jas.<\/p>\n<p>14. Se till att ditt hem ser bebott ut fast du inte \u00e4r hemma. Leksaker, tv\u00e4tt p\u00e5 tv\u00e4ttlina och disk p\u00e5 diskb\u00e4nken \u00e4r bra tips att be din granne arrangera under tiden du \u00e4r borta. F\u00f6r\u00e4ndringar m\u00e5ste dock g\u00f6ras s\u00e5 att det inte ser lika ut dag efter dag.<\/p>\n<p>15. Ta bort v\u00e4xelhuset p\u00e5 din b\u00e5tmotor och f\u00f6rvara det p\u00e5 annan plats. Tjuvar vill oftast antingen ha en hel motor eller v\u00e4xelhusen. V\u00e4rdet minskar rej\u00e4lt om v\u00e4xelhuset \u00e4r borttaget. Se till att du vet hur du g\u00f6r f\u00f6r att ta bort och s\u00e4tta dit v\u00e4xelhuset. Det finns filmer p\u00e5 youtube som visar hur man g\u00f6r. F\u00f6r drev till inombordare finns det l\u00e5s f\u00f6r drev (fungerar som l\u00e5sbultar till bilf\u00e4lgar).<\/p>\n<p>16. L\u00e5s fast b\u00e5t och motor.<\/p>\n<p>17. Ta bort hjulen p\u00e5 din b\u00e5tk\u00e4rra (\u00f6ver vintern) och f\u00f6rvara d\u00e4cken p\u00e5 annat st\u00e4lle.<\/p>\n<p>18. Montera kamera p\u00e5 tomten (dock f\u00e5r Ni bara ta foton p\u00e5 din egen tomt). Gl\u00f6m inte att s\u00e4tta upp skylt \u201dkamera\u00f6vervakat\u201d.<\/p>\n<p>19. Se till att st\u00f6ldbeg\u00e4rliga platser \u00e4r upplysta, tex med skymningsrel\u00e4 eller belysning som \u00e4r r\u00f6relsestyrd.<\/p>\n<p>20.\u00a0Hemlarm kan ha en avskr\u00e4ckande effekt.<\/p>\n<p>21.\u00a0M\u00e4rk v\u00e4rdefulla f\u00f6rem\u00e5l med m\u00e4rk-DNA.<\/p>\n","protected":false},"excerpt":{"rendered":"<p>B\u00e5de brottslighet och obeh\u00f6rig trafik har \u00f6kat inom v\u00e5rt omr\u00e5de under senare \u00e5r och den kommer att \u00f6ka ytterligare om vi inte vidtar f\u00f6rebyggande \u00e5tg\u00e4rder f\u00f6r att v\u00e4nda trenden. Vi beh\u00f6ver minska risken f\u00f6r st\u00f6lder och inbrott och \u00f6ka k\u00e4nslan av s\u00e4kerhet,\u00a0trygghet och trivsel i v\u00e5rt omr\u00e5de.\u00a0 Grannsamverkan Grannsamverkan handlar om att vi i samverkan&#8230;  <a class=\"excerpt-read-more\" href=\"http:\/\/gtff.se\/index.php\/verksamhetsomraden\/trygghet-och-sakerhet\/\" title=\"Read Grannsamverkan &#038; S\u00e4kerhet\">L\u00e4s mera &raquo;<\/a><\/p>\n","protected":false},"author":1,"featured_media":0,"parent":77,"menu_order":0,"comment_status":"closed","ping_status":"closed","template":"","meta":[],"_links":{"self":[{"href":"http:\/\/gtff.se\/index.php\/wp-json\/wp\/v2\/pages\/85"}],"collection":[{"href":"http:\/\/gtff.se\/index.php\/wp-json\/wp\/v2\/pages"}],"about":[{"href":"http:\/\/gtff.se\/index.php\/wp-json\/wp\/v2\/types\/page"}],"author":[{"embeddable":true,"href":"http:\/\/gtff.se\/index.php\/wp-json\/wp\/v2\/users\/1"}],"replies":[{"embeddable":true,"href":"http:\/\/gtff.se\/index.php\/wp-json\/wp\/v2\/comments?post=85"}],"version-history":[{"count":37,"href":"http:\/\/gtff.se\/index.php\/wp-json\/wp\/v2\/pages\/85\/revisions"}],"predecessor-version":[{"id":2368,"href":"http:\/\/gtff.se\/index.php\/wp-json\/wp\/v2\/pages\/85\/revisions\/2368"}],"up":[{"embeddable":true,"href":"http:\/\/gtff.se\/index.php\/wp-json\/wp\/v2\/pages\/77"}],"wp:attachment":[{"href":"http:\/\/gtff.se\/index.php\/wp-json\/wp\/v2\/media?parent=85"}],"curies":[{"name":"wp","href":"https:\/\/api.w.org\/{rel}","templated":true}]}}