{"id":927,"date":"2017-08-19T19:26:55","date_gmt":"2017-08-19T17:26:55","guid":{"rendered":"http:\/\/gtff.se\/?page_id=927"},"modified":"2018-12-29T18:14:33","modified_gmt":"2018-12-29T17:14:33","slug":"detaljplan","status":"publish","type":"page","link":"http:\/\/gtff.se\/index.php\/verksamhetsomraden\/bygg-och-kartor\/detaljplan\/","title":{"rendered":"Detaljplan"},"content":{"rendered":"<p>Inom v\u00e5rt tomtomr\u00e5de regleras all bygglovspliktig byggnation av g\u00e4llande detaljplan. Utom Stora och Lilla Fladsk\u00e4r och den s\u00f6dra delen av Skyllerholmen som ligger utanf\u00f6r detaljplaneomr\u00e5det. Kartan nedan visar hur v\u00e5rt omr\u00e5de \u00e4r indelat. Planen uppr\u00e4ttades 1939 med \u00e4ndringar f\u00f6r omr\u00e5de B30 och B33 \u00e5r 1948.<\/p>\n<p>Det t\u00e4nkta hotellbygget Mysingebaden som ifr\u00e5n b\u00f6rjan var planerat strax norr om \u00d6rnsand har spelat sin roll i utformandet av planen. Nu blev det inget av med det bygget f\u00f6r kriget kom emellan. \u00c4ven v\u00e4garnas utformning har berott p\u00e5 det faktum att ingen d\u00e5 n\u00e4r planen utformades f\u00f6ruts\u00e5g Musk\u00f6basen med kommande v\u00e4gf\u00f6rbindelse till fastlandet.<\/p>\n<p>De g\u00e4llande planerna har lagts upp i Word som faksimil s\u00e5 gott det gick f\u00f6r b\u00e4ttre l\u00e4sbarhet (utan signaturer) med l\u00e4nk till originalen. Alla \u00e4r upplagda men texten p\u00e5 B1 och B2 \u00e4r exakt likalydande. Alla planerna \u00e4r h\u00e4mtade ifr\u00e5n Haninge kommuns hemsida. Detaljplanekartorna ligger upplagda p\u00e5 sidan \u201dKartor och beskrivningar\u201d.<\/p>\n<p>H\u00e4r mitt p\u00e5 sidan hittar ni kommunens webbkarta\u00a0<a href=\"http:\/\/haninge.se\/kartor\">http:\/\/haninge.se\/kartor<\/a><\/p>\n<p>P\u00e5 deras hemsida kan man l\u00e4tt se alla existerande bygglov p\u00e5 deras Bygglovsarkiv. H\u00e4r \u00e4r l\u00e4nken till det:\u00a0<a href=\"http:\/\/bygglovsarkiv.haninge.se\/ags_pro\/\">http:\/\/bygglovsarkiv.haninge.se\/ags_pro\/<\/a><\/p>\n<p>Gamla olovligheter blir lovliga efter 10 \u00e5r. S\u00e5h\u00e4r st\u00e5r det p\u00e5 deras hemsida. \u201d<em>Olovligheter som \u00e4r \u00e4ldre \u00e4n 10 \u00e5r \u00e4r vanligtvis preskriberade vilket inneb\u00e4r att fr\u00e5ga om p\u00e5f\u00f6ljd eller ingripande inte tas upp till pr\u00f6vning.<\/em>\u201d<\/p>\n<p><strong>L\u00e4nk till karta som visar indelningen i omr\u00e5den f\u00f6r v\u00e5r detaljplan<\/strong> <a href=\"http:\/\/gtff.se\/wp-content\/uploads\/2017\/08\/DetalplanOmr\u00e5de\u00d6versikt.jpg\">h\u00e4r<\/a>.<\/p>\n<p><a href=\"http:\/\/gtff.se\/wp-content\/uploads\/2017\/08\/B1_1_Detaljplan.pdf\"><strong>B1_1_Detaljplan<\/strong><\/a><\/p>\n<p><strong>B1_1_Planbeskrivning<\/strong>\u00a0<a href=\"http:\/\/gtff.se\/wp-content\/uploads\/2017\/08\/B1_1_Planbeskrivning.docx\">L\u00e4nk till faksimil i Word<\/a>\u00a0<a href=\"http:\/\/gtff.se\/wp-content\/uploads\/2017\/08\/B1_1_Planbeskrivning.pdf\">L\u00e4nk till originalet<\/a><\/p>\n<p><strong>B1_1_Planbest\u00e4mmelser<\/strong>\u00a0<a href=\"http:\/\/gtff.se\/wp-content\/uploads\/2017\/08\/B1_1_Planbestammelser.docx\">L\u00e4nk till faksimil i Word<\/a>\u00a0<a href=\"http:\/\/gtff.se\/wp-content\/uploads\/2017\/08\/B1_1_Planbestammelser.pdf\">L\u00e4nk till originalet<\/a><\/p>\n<p><a href=\"http:\/\/gtff.se\/wp-content\/uploads\/2017\/08\/B1_2_Detaljplan.pdf\"><strong>B1_2_Detaljplan<\/strong><\/a><\/p>\n<p><strong>B1_2_Planbeskrivning<\/strong>\u00a0<a href=\"http:\/\/www.vbastu.se\/wp-content\/uploads\/2017\/08\/B1_2_Planbeskrivning.docx\">L\u00e4nk till faksimil i Word<\/a>\u00a0<a href=\"http:\/\/gtff.se\/wp-content\/uploads\/2017\/08\/B1_2_Planbeskrivning.pdf\">L\u00e4nk till originalet<\/a><\/p>\n<p><strong>B1_2_Planbest\u00e4mmelser<\/strong>\u00a0<a href=\"http:\/\/gtff.se\/wp-content\/uploads\/2017\/08\/B1_2_Planbestammelser.docx\">L\u00e4nk till faksimil i Word<\/a>\u00a0<a href=\"http:\/\/gtff.se\/wp-content\/uploads\/2017\/08\/B1_2_Planbestammelser.pdf\">L\u00e4nk till originalet<\/a><\/p>\n<p><a href=\"http:\/\/gtff.se\/wp-content\/uploads\/2017\/08\/B30_Detaljplan.pdf\"><strong>B30_Detaljplan<\/strong><\/a><\/p>\n<p><strong>B30_Planbeskrivning<\/strong>\u00a0<a href=\"http:\/\/gtff.se\/wp-content\/uploads\/2017\/08\/B30_Planbeskrivning.docx\">L\u00e4nk till faksimil i Word<\/a>\u00a0<a href=\"http:\/\/gtff.se\/wp-content\/uploads\/2017\/08\/B30_Planbeskrivning.pdf\">L\u00e4nk till originalet<\/a><\/p>\n<p><strong>B30_Planbest\u00e4mmelser<\/strong>\u00a0<a href=\"http:\/\/gtff.se\/wp-content\/uploads\/2017\/08\/B30_Planbestammelser.docx\">L\u00e4nk till faksimil i Word<\/a>\u00a0<a href=\"http:\/\/gtff.se\/wp-content\/uploads\/2017\/08\/B30_Planbestammelser.pdf\">L\u00e4nk till originalet<\/a><\/p>\n<p><a href=\"http:\/\/gtff.se\/wp-content\/uploads\/2017\/08\/B33_Detaljplan.pdf\"><strong>B33_Detaljplan<\/strong><\/a><\/p>\n<p><strong>B33_Planbeskrivning<\/strong>\u00a0<a href=\"http:\/\/gtff.se\/wp-content\/uploads\/2017\/08\/B33_Planbeskrivning.docx\">L\u00e4nk till faksimil i Word<\/a>\u00a0<a href=\"http:\/\/gtff.se\/wp-content\/uploads\/2017\/08\/B33_Planbeskrivning.pdf\">L\u00e4nk till originalet<\/a><\/p>\n<p><strong>B33_Planbest\u00e4mmelser<\/strong>\u00a0<a href=\"http:\/\/gtff.se\/wp-content\/uploads\/2017\/08\/B33_Planbestammelser.docx\">L\u00e4nk till faksimil i Word<\/a>\u00a0<a href=\"http:\/\/www.vbastu.se\/wp-content\/uploads\/2017\/08\/B33_Planbestammelser.pdf\">L\u00e4nk till originalet<\/a><\/p>\n<p><a href=\"http:\/\/gtff.se\/wp-content\/uploads\/2017\/08\/B157_Detaljplan.pdf\"><strong>B157_Detaljplan<\/strong><\/a><\/p>\n<p><strong>B157_Planbeskrivning<\/strong>\u00a0<a href=\"http:\/\/www.vbastu.se\/wp-content\/uploads\/2017\/08\/B157_Planbeskrivning.docx\">L\u00e4nk till faksimil i Word<\/a>\u00a0<a href=\"http:\/\/gtff.se\/wp-content\/uploads\/2017\/08\/B157_Planbeskrivning.pdf\">L\u00e4nk till originalet<\/a><\/p>\n<p><a href=\"http:\/\/gtff.se\/wp-content\/uploads\/2017\/08\/B6_Detaljplan.pdf\"><strong>B6_Detaljplan<\/strong><\/a><\/p>\n<p><strong>B6_Planbeskrivning<\/strong>\u00a0<a href=\"http:\/\/gtff.se\/wp-content\/uploads\/2017\/08\/B6_Planbeskrivning.docx\">L\u00e4nk till faksimil i Word<\/a>\u00a0<a href=\"http:\/\/gtff.se\/wp-content\/uploads\/2017\/08\/B6_Planbeskrivning.pdf\">L\u00e4nk till originalet<\/a><\/p>\n","protected":false},"excerpt":{"rendered":"<p>Inom v\u00e5rt tomtomr\u00e5de regleras all bygglovspliktig byggnation av g\u00e4llande detaljplan. Utom Stora och Lilla Fladsk\u00e4r och den s\u00f6dra delen av Skyllerholmen som ligger utanf\u00f6r detaljplaneomr\u00e5det. Kartan nedan visar hur v\u00e5rt omr\u00e5de \u00e4r indelat. Planen uppr\u00e4ttades 1939 med \u00e4ndringar f\u00f6r omr\u00e5de B30 och B33 \u00e5r 1948. Det t\u00e4nkta hotellbygget Mysingebaden som ifr\u00e5n b\u00f6rjan var planerat strax&#8230;  <a class=\"excerpt-read-more\" href=\"http:\/\/gtff.se\/index.php\/verksamhetsomraden\/bygg-och-kartor\/detaljplan\/\" title=\"Read Detaljplan\">L\u00e4s mera &raquo;<\/a><\/p>\n","protected":false},"author":3,"featured_media":0,"parent":1168,"menu_order":0,"comment_status":"closed","ping_status":"closed","template":"","meta":[],"_links":{"self":[{"href":"http:\/\/gtff.se\/index.php\/wp-json\/wp\/v2\/pages\/927"}],"collection":[{"href":"http:\/\/gtff.se\/index.php\/wp-json\/wp\/v2\/pages"}],"about":[{"href":"http:\/\/gtff.se\/index.php\/wp-json\/wp\/v2\/types\/page"}],"author":[{"embeddable":true,"href":"http:\/\/gtff.se\/index.php\/wp-json\/wp\/v2\/users\/3"}],"replies":[{"embeddable":true,"href":"http:\/\/gtff.se\/index.php\/wp-json\/wp\/v2\/comments?post=927"}],"version-history":[{"count":34,"href":"http:\/\/gtff.se\/index.php\/wp-json\/wp\/v2\/pages\/927\/revisions"}],"predecessor-version":[{"id":1271,"href":"http:\/\/gtff.se\/index.php\/wp-json\/wp\/v2\/pages\/927\/revisions\/1271"}],"up":[{"embeddable":true,"href":"http:\/\/gtff.se\/index.php\/wp-json\/wp\/v2\/pages\/1168"}],"wp:attachment":[{"href":"http:\/\/gtff.se\/index.php\/wp-json\/wp\/v2\/media?parent=927"}],"curies":[{"name":"wp","href":"https:\/\/api.w.org\/{rel}","templated":true}]}}