{"id":113,"date":"2017-01-03T11:19:26","date_gmt":"2017-01-03T10:19:26","guid":{"rendered":"http:\/\/gtff.duncastudio.se\/?page_id=113"},"modified":"2025-03-26T20:13:11","modified_gmt":"2025-03-26T19:13:11","slug":"kontaktuppgifter","status":"publish","type":"page","link":"https:\/\/gtff.se\/index.php\/kontaktuppgifter\/","title":{"rendered":"Kontakt"},"content":{"rendered":"<p><strong>Postadress<\/strong><\/p>\n<p><span style=\"display: inline !important; float: none; background-color: transparent; color: #000000; font-family: 'Bitter',Serif; font-feature-settings: 'liga' 1, 'dlig' 1; font-size: 16px; font-style: normal; font-variant: normal; font-weight: 400; letter-spacing: normal; orphans: 2; text-align: left; text-decoration: none; text-indent: 0px; text-transform: none; -webkit-text-stroke-width: 0px; white-space: normal; word-spacing: 0px;\">GTFF<\/span><br \/>\n<span style=\"display: inline !important; float: none; background-color: transparent; color: #000000; font-family: 'Bitter',Serif; font-feature-settings: 'liga' 1, 'dlig' 1; font-size: 16px; font-style: normal; font-variant: normal; font-weight: 400; letter-spacing: normal; orphans: 2; text-align: left; text-decoration: none; text-indent: 0px; text-transform: none; -webkit-text-stroke-width: 0px; white-space: normal; word-spacing: 0px;\">c\/o Fredrik T\u00f6rnberg, fredrikmtornberg@gmail.com\u00a0<\/span><\/p>\n<p><strong>Webbansvarig<\/strong><\/p>\n<p>Kom g\u00e4rna med konstruktiva synpunkter p\u00e5 inneh\u00e5llet.<\/p>\n<p>Webbansvarig \u00e4r <a href=\"mailto:arvasolsson@gmail.com\">Filippa Arvas Olsson<\/a><br \/>\nWebbmaster som hanterar det tekniska \u00e4r\u00a0<a href=\"mailto:hampusdunstrom@gmail.com\">Hampus Dunstr\u00f6m<\/a>.<\/p>\n<div><\/div>\n<div><\/div>\n","protected":false},"excerpt":{"rendered":"<p>Postadress GTFF c\/o Fredrik T\u00f6rnberg, fredrikmtornberg@gmail.com\u00a0 Webbansvarig Kom g\u00e4rna med konstruktiva synpunkter p\u00e5 inneh\u00e5llet. Webbansvarig \u00e4r Filippa Arvas Olsson Webbmaster som hanterar det tekniska \u00e4r\u00a0Hampus Dunstr\u00f6m.<\/p>\n","protected":false},"author":1,"featured_media":0,"parent":0,"menu_order":0,"comment_status":"closed","ping_status":"closed","template":"","meta":[],"_links":{"self":[{"href":"https:\/\/gtff.se\/index.php\/wp-json\/wp\/v2\/pages\/113"}],"collection":[{"href":"https:\/\/gtff.se\/index.php\/wp-json\/wp\/v2\/pages"}],"about":[{"href":"https:\/\/gtff.se\/index.php\/wp-json\/wp\/v2\/types\/page"}],"author":[{"embeddable":true,"href":"https:\/\/gtff.se\/index.php\/wp-json\/wp\/v2\/users\/1"}],"replies":[{"embeddable":true,"href":"https:\/\/gtff.se\/index.php\/wp-json\/wp\/v2\/comments?post=113"}],"version-history":[{"count":31,"href":"https:\/\/gtff.se\/index.php\/wp-json\/wp\/v2\/pages\/113\/revisions"}],"predecessor-version":[{"id":2954,"href":"https:\/\/gtff.se\/index.php\/wp-json\/wp\/v2\/pages\/113\/revisions\/2954"}],"wp:attachment":[{"href":"https:\/\/gtff.se\/index.php\/wp-json\/wp\/v2\/media?parent=113"}],"curies":[{"name":"wp","href":"https:\/\/api.w.org\/{rel}","templated":true}]}}