{"id":15,"date":"2017-01-03T10:52:13","date_gmt":"2017-01-03T09:52:13","guid":{"rendered":"http:\/\/gtff.duncastudio.se\/?page_id=15"},"modified":"2020-05-12T10:07:36","modified_gmt":"2020-05-12T08:07:36","slug":"kalender","status":"publish","type":"page","link":"https:\/\/gtff.se\/index.php\/kalender\/","title":{"rendered":"Kalender &#038; Event"},"content":{"rendered":"<p><strong>Kalender<\/strong><\/p>\n<table width=\"731\">\n<tbody>\n<tr>\n<td width=\"161\"><strong>Datum<\/strong><\/td>\n<td width=\"183\"><strong>Event<\/strong><\/td>\n<td width=\"161\"><strong>Kommentar<\/strong><\/td>\n<\/tr>\n<tr>\n<td width=\"161\"><\/td>\n<td width=\"183\">GTFF \u00e5rsst\u00e4mma<\/td>\n<td width=\"161\">\u00c4ven Guldboda V\u00e4gsamf\u00e4llighet och Gullboda tennisklubb kommer att ha sina \u00e5rsst\u00e4mmor i anslutning.\u00a0 F\u00f6reningen kommer att skicka ut inbjudan i god tid.<\/td>\n<\/tr>\n<tr>\n<td width=\"161\"><\/td>\n<td width=\"183\">Valborg<\/td>\n<td width=\"161\">Samling p\u00e5 \u00e4ngen f\u00f6r traditionellt valborgsfirande vid brasan<\/td>\n<\/tr>\n<tr>\n<td width=\"161\"><\/td>\n<td width=\"183\">Midsommarafton<\/td>\n<td width=\"161\">Resa midsommarst\u00e5ng samt bryggdans vid \u00d6steruddsbryggan p\u00e5 kv\u00e4llen (startar kl 21:00)<\/td>\n<\/tr>\n<tr>\n<td width=\"161\"><\/td>\n<td width=\"183\">Midsommardagen<\/td>\n<td width=\"161\">Familjelekar p\u00e5 \u00e4ngen, dans runt midsommarst\u00e5ng.<\/td>\n<\/tr>\n<tr>\n<td width=\"161\"><\/td>\n<td width=\"183\">Tennisskola f\u00f6r juniorer (GTK)<\/td>\n<td width=\"161\">Om det finns tider \u00e4ven f\u00f6r vuxna.\u00a0 <a href=\"mailto:info@gullbodatennis.se\">Anm\u00e4lan:<\/a><\/td>\n<\/tr>\n<tr>\n<td width=\"161\"><\/td>\n<td width=\"183\"><\/td>\n<td width=\"161\"><\/td>\n<\/tr>\n<tr>\n<td width=\"161\"><\/td>\n<td width=\"183\"><\/td>\n<td width=\"161\"><\/td>\n<\/tr>\n<tr>\n<td width=\"161\"><\/td>\n<td width=\"183\">Tennist\u00e4vling<\/td>\n<td width=\"161\">Anordnas av\u00a0<a href=\"http:\/\/www.gullbodatennis.se\/GTKindex.htm\">GTK<\/a><\/td>\n<\/tr>\n<tr>\n<td width=\"161\"><\/td>\n<td width=\"183\">Officiell start av GTK tennisturnering<\/td>\n<td width=\"161\"><\/td>\n<\/tr>\n<tr>\n<td width=\"161\"><\/td>\n<td width=\"183\">H\u00f6stst\u00e4dning<\/td>\n<td width=\"161\">Samling kl 09:00 p\u00e5 samlingsplats f\u00f6r kvarteret. Avslutas med \u00e4rtsoppa vid tennisbanan kl 13:00.<\/td>\n<\/tr>\n<\/tbody>\n<\/table>\n<p><strong>Event<\/strong><\/p>\n<p>GTFF \u00e4r en aktiv f\u00f6rening som anordnar flertal event under \u00e5ret. Medlemmar f\u00e5r g\u00e4rna komma med f\u00f6rslag p\u00e5 nya event. Det finns ocks\u00e5 en arbetsgrupp f\u00f6r event. Om Ni har m\u00f6jlighet att hj\u00e4lpa till kontakta\u00a0<a href=\"mailto:Dennis.Sodergren@attendit.se\">Dennis S\u00f6dergren<\/a>\u00a0eller <a href=\"mailto:ce@etavo.com\">Charlotte Egman<\/a> som \u00e4r sammankallande f\u00f6r arbetsgruppen. &#8221;Ju fler vi \u00e4r som arbetar aktivt ju mindre jobb blir det f\u00f6r den enskilde&#8221;.<\/p>\n<p>&nbsp;<\/p>\n<table style=\"height: 332px;\" width=\"663\">\n<tbody>\n<tr>\n<td width=\"104\"><strong>Sammankallande<\/strong><\/td>\n<td width=\"164\"><a href=\"mailto:Dennis.Sodergren@attendit.se\">Dennis S\u00f6dergren<\/a><\/td>\n<\/tr>\n<tr>\n<td width=\"104\"><strong>Sammankallande<\/strong><\/td>\n<td width=\"164\"><a href=\"mailto:ce@etavo.com\">Charlotte Egman<\/a><\/td>\n<\/tr>\n<tr>\n<td width=\"104\"><\/td>\n<td width=\"164\"><a href=\"mailto:cdu@ggp-group.com\">Christopher Dunstr\u00f6m<\/a><\/td>\n<\/tr>\n<tr>\n<td width=\"104\"><\/td>\n<td width=\"164\"><a href=\"mailto:dette70@live.se\">Desir\u00e9e Morast<\/a><\/td>\n<\/tr>\n<tr>\n<td width=\"104\"><\/td>\n<td width=\"164\"><a href=\"mailto:maria.frondell@yahoo.se\">Maria Frondell<\/a><\/td>\n<\/tr>\n<tr>\n<td width=\"104\"><\/td>\n<td width=\"164\"><a href=\"mailto:malinsodergren76@gmail.com\">Malin S\u00f6dergren<\/a><\/td>\n<\/tr>\n<tr>\n<td width=\"104\"><\/td>\n<td width=\"164\"><a href=\"mailto:liljefors.helene@gmail.com\">Helene Liljefors<\/a><\/td>\n<\/tr>\n<tr>\n<td width=\"104\"><\/td>\n<td width=\"164\"><\/td>\n<\/tr>\n<\/tbody>\n<\/table>\n","protected":false},"excerpt":{"rendered":"<p>Kalender Datum Event Kommentar GTFF \u00e5rsst\u00e4mma \u00c4ven Guldboda V\u00e4gsamf\u00e4llighet och Gullboda tennisklubb kommer att ha sina \u00e5rsst\u00e4mmor i anslutning.\u00a0 F\u00f6reningen kommer att skicka ut inbjudan i god tid. Valborg Samling p\u00e5 \u00e4ngen f\u00f6r traditionellt valborgsfirande vid brasan Midsommarafton Resa midsommarst\u00e5ng samt bryggdans vid \u00d6steruddsbryggan p\u00e5 kv\u00e4llen (startar kl 21:00) Midsommardagen Familjelekar p\u00e5 \u00e4ngen, dans runt&#8230;  <a class=\"excerpt-read-more\" href=\"https:\/\/gtff.se\/index.php\/kalender\/\" title=\"Read Kalender &#038; Event\">L\u00e4s mera &raquo;<\/a><\/p>\n","protected":false},"author":1,"featured_media":0,"parent":0,"menu_order":0,"comment_status":"closed","ping_status":"closed","template":"","meta":[],"_links":{"self":[{"href":"https:\/\/gtff.se\/index.php\/wp-json\/wp\/v2\/pages\/15"}],"collection":[{"href":"https:\/\/gtff.se\/index.php\/wp-json\/wp\/v2\/pages"}],"about":[{"href":"https:\/\/gtff.se\/index.php\/wp-json\/wp\/v2\/types\/page"}],"author":[{"embeddable":true,"href":"https:\/\/gtff.se\/index.php\/wp-json\/wp\/v2\/users\/1"}],"replies":[{"embeddable":true,"href":"https:\/\/gtff.se\/index.php\/wp-json\/wp\/v2\/comments?post=15"}],"version-history":[{"count":39,"href":"https:\/\/gtff.se\/index.php\/wp-json\/wp\/v2\/pages\/15\/revisions"}],"predecessor-version":[{"id":2359,"href":"https:\/\/gtff.se\/index.php\/wp-json\/wp\/v2\/pages\/15\/revisions\/2359"}],"wp:attachment":[{"href":"https:\/\/gtff.se\/index.php\/wp-json\/wp\/v2\/media?parent=15"}],"curies":[{"name":"wp","href":"https:\/\/api.w.org\/{rel}","templated":true}]}}