{"id":1528,"date":"2018-10-08T14:41:29","date_gmt":"2018-10-08T12:41:29","guid":{"rendered":"http:\/\/gtff.se\/?page_id=1528"},"modified":"2018-12-29T18:18:46","modified_gmt":"2018-12-29T17:18:46","slug":"gullboda-runt","status":"publish","type":"page","link":"https:\/\/gtff.se\/index.php\/verksamhetsomraden\/mark-och-skogsvard\/rekreation-sport\/gullboda-runt\/","title":{"rendered":"Gullboda Runt"},"content":{"rendered":"<p>En vandring i tid och rum Gullboda runt \u00e4r en serie av 15 skyltar som ber\u00e4ttar lite om Gullbodaomr\u00e5dets olika kulturminnen och sev\u00e4rdheter. Redaktionen har best\u00e5tt av Roland Berndt, Gunnar Granstr\u00f6m och Birgit Johansson. H\u00e5kan Gullberg har faktagranskat. Bj\u00f6rn Alfredsson har svarat f\u00f6r layout och redigering. Stig Arvas och Dan Ekberg har satt upp skyltarna. Hoppas att ni passar p\u00e5 att ta med familj och v\u00e4nner p\u00e5 en kulturpromenad. Skulle n\u00e5gon skylt eller stolpe vara trasig felanm\u00e4ler ni till: Roland Berndt 0725-59 33 22<\/p>\n<h2>Skyltar<\/h2>\n<p><a href=\"http:\/\/gtff.se\/wp-content\/uploads\/2018\/10\/GullbodaRunt_1.pdf\">Gullboda Runt 1<\/a><br \/>\n<a href=\"http:\/\/gtff.se\/wp-content\/uploads\/2018\/10\/GullbodaRunt_2.pdf\">Gullboda Runt 2<\/a><br \/>\n<a href=\"http:\/\/gtff.se\/wp-content\/uploads\/2018\/10\/GullbodaRunt_3.pdf\">Gullboda Runt 3<\/a><br \/>\n<a href=\"http:\/\/gtff.se\/wp-content\/uploads\/2018\/10\/GullbodaRunt_4.pdf\">Gullboda Runt 4<\/a><br \/>\n<a href=\"http:\/\/gtff.se\/wp-content\/uploads\/2018\/10\/GullbodaRunt_5.pdf\">Gullboda Runt 5<\/a><br \/>\n<a href=\"http:\/\/gtff.se\/wp-content\/uploads\/2018\/10\/GullbodaRunt_6.pdf\">Gullboda Runt 6<\/a><br \/>\n<a href=\"http:\/\/gtff.se\/wp-content\/uploads\/2018\/10\/GullbodaRunt_7.pdf\">Gullboda Runt 7<\/a><br \/>\n<a href=\"http:\/\/gtff.se\/wp-content\/uploads\/2018\/10\/GullbodaRunt_8.pdf\">Gullboda Runt 8<\/a><br \/>\n<a href=\"http:\/\/gtff.se\/wp-content\/uploads\/2018\/10\/GullbodaRunt_9.pdf\">Gullboda Runt 9<\/a><br \/>\n<a href=\"http:\/\/gtff.se\/wp-content\/uploads\/2018\/10\/GullbodaRunt_10.pdf\">Gullboda Runt 10<\/a><br \/>\n<a href=\"http:\/\/gtff.se\/wp-content\/uploads\/2018\/10\/GullbodaRunt_11.pdf\">Gullboda Runt 11<\/a><br \/>\n<a href=\"http:\/\/gtff.se\/wp-content\/uploads\/2018\/10\/GullbodaRunt_12.pdf\">Gullboda Runt 12<\/a><br \/>\n<a href=\"http:\/\/gtff.se\/wp-content\/uploads\/2018\/10\/GullbodaRunt_13.pdf\">Gullboda Runt 13<\/a><br \/>\n<a href=\"http:\/\/gtff.se\/wp-content\/uploads\/2018\/10\/GullbodaRunt_14.pdf\">Gullboda Runt 14<\/a><br \/>\n<a href=\"http:\/\/gtff.se\/wp-content\/uploads\/2018\/10\/GullbodaRunt_15.pdf\">Gullboda Runt 15<\/a><\/p>\n","protected":false},"excerpt":{"rendered":"<p>En vandring i tid och rum Gullboda runt \u00e4r en serie av 15 skyltar som ber\u00e4ttar lite om Gullbodaomr\u00e5dets olika kulturminnen och sev\u00e4rdheter. Redaktionen har best\u00e5tt av Roland Berndt, Gunnar Granstr\u00f6m och Birgit Johansson. H\u00e5kan Gullberg har faktagranskat. Bj\u00f6rn Alfredsson har svarat f\u00f6r layout och redigering. Stig Arvas och Dan Ekberg har satt upp skyltarna&#8230;.  <a class=\"excerpt-read-more\" href=\"https:\/\/gtff.se\/index.php\/verksamhetsomraden\/mark-och-skogsvard\/rekreation-sport\/gullboda-runt\/\" title=\"Read Gullboda Runt\">L\u00e4s mera &raquo;<\/a><\/p>\n","protected":false},"author":3,"featured_media":0,"parent":1489,"menu_order":0,"comment_status":"closed","ping_status":"closed","template":"","meta":[],"_links":{"self":[{"href":"https:\/\/gtff.se\/index.php\/wp-json\/wp\/v2\/pages\/1528"}],"collection":[{"href":"https:\/\/gtff.se\/index.php\/wp-json\/wp\/v2\/pages"}],"about":[{"href":"https:\/\/gtff.se\/index.php\/wp-json\/wp\/v2\/types\/page"}],"author":[{"embeddable":true,"href":"https:\/\/gtff.se\/index.php\/wp-json\/wp\/v2\/users\/3"}],"replies":[{"embeddable":true,"href":"https:\/\/gtff.se\/index.php\/wp-json\/wp\/v2\/comments?post=1528"}],"version-history":[{"count":8,"href":"https:\/\/gtff.se\/index.php\/wp-json\/wp\/v2\/pages\/1528\/revisions"}],"predecessor-version":[{"id":1537,"href":"https:\/\/gtff.se\/index.php\/wp-json\/wp\/v2\/pages\/1528\/revisions\/1537"}],"up":[{"embeddable":true,"href":"https:\/\/gtff.se\/index.php\/wp-json\/wp\/v2\/pages\/1489"}],"wp:attachment":[{"href":"https:\/\/gtff.se\/index.php\/wp-json\/wp\/v2\/media?parent=1528"}],"curies":[{"name":"wp","href":"https:\/\/api.w.org\/{rel}","templated":true}]}}