{"id":1577,"date":"2018-12-29T18:29:44","date_gmt":"2018-12-29T17:29:44","guid":{"rendered":"http:\/\/gtff.se\/?page_id=1577"},"modified":"2020-05-07T08:57:37","modified_gmt":"2020-05-07T06:57:37","slug":"ideer","status":"publish","type":"page","link":"https:\/\/gtff.se\/index.php\/vasterudd-bastu\/ideer\/","title":{"rendered":"Ide\u00e9r"},"content":{"rendered":"<p>H\u00e4r \u00e4r en del jobb som \u00e5terst\u00e5r och n\u00e5gra ide\u00e9r. Allt st\u00e5r det var och en fritt fram att realisera. Fyll g\u00e4rna p\u00e5 med nya f\u00f6rslag!<\/p>\n<ol>\n<li>1. S\u00e4tta upp h\u00e4ngr\u00e4nnor och stupr\u00f6r tillsammans med en tunna p\u00e5 marken s\u00e5 finns det s\u00f6tvatten d\u00e5 sommarvattnet \u00e4r avst\u00e4ngt.<\/li>\n<li>\n<hr \/>\n<\/li>\n<li><\/li>\n<li>2. Bygga en v\u00e4ggfast b\u00e4nk utmed l\u00e5ngsidan.<\/li>\n<li>\n<hr \/>\n<\/li>\n<li>3. Montera en leddiod i en gammal fotogenbr\u00e4nnare sk\u00e4nkt av Pelle, som en spotlight riktad mot ugnen.<\/li>\n<li>\n<hr \/>\n<\/li>\n<li>4. Fylla p\u00e5 med sand nedanf\u00f6r badstegen. (Men det f\u00f6rsvinner nog lika snabbt)<\/li>\n<li>\n<hr \/>\n<\/li>\n<li>5. St\u00e4lla en utsiktskikare fast monterad p\u00e5 r\u00e4cket.<\/li>\n<li>\n<hr \/>\n<\/li>\n<li>6. S\u00e4tta upp en s.k. taltratt p\u00e5 framsidan p\u00e5 utsidan f\u00f6rbunden med en slang till ett munstycke p\u00e5 v\u00e4ggen bredvid ratten s\u00e5 man kan \u201dprata\u201d och best\u00e4lla in en \u00f6l som en kapten n\u00e4r man styr. (Tratten finns faktiskt redan, gjord i koppar men jag saknar en bra slang med 60 mm innerdiameter.)<\/li>\n<li>\n<hr \/>\n<\/li>\n<li>7. Snickra till ett f\u00f6nsterbleck i tr\u00e4 till lilla f\u00f6nstret i duschrummet. Det beh\u00f6ver inte sticka ut ifr\u00e5n v\u00e4ggen p\u00e5 utsidan men det ska slutta lite \u00e4ven om det inte heller beh\u00f6vs.<\/li>\n<li>\n<hr \/>\n<\/li>\n<li>8. S\u00e4tta upp en v\u00e4derstation och l\u00e4gga ut alla v\u00e4rden p\u00e5 hemsidan. Det kr\u00e5ngligaste har Voitto redan l\u00f6st. Det \u00e4r bara att hitta en produkt med ett API som kan snacka med minidatorn i bastun s\u00e5 \u00e4r det klart.<\/li>\n<li>\n<hr \/>\n<\/li>\n<li>9. Fixa det sista med vindskivorna p\u00e5 framsidan. Det \u00e5terst\u00e5r att kapa vinkelr\u00e4t och till r\u00e4tt l\u00e4ngd s\u00e5 pl\u00e5ten sticker \u00f6ver kanten.9. S\u00e4tta i leddioder i lanternorna p\u00e5 framsidan.<\/li>\n<li>\n<hr \/>\n<\/li>\n<li>10. Kl\u00e4 taket i h\u00f6rnan vid skorstenen med mineritskivor snyggare.<\/li>\n<li>\n<hr \/>\n<\/li>\n<li>11. Olja in bastulavarna. Bara h\u00e4ll p\u00e5 fl\u00f6digt med en neutral billig olja (raps\/oliv) och l\u00e5t st\u00e5 \u00f6ver natten.<\/li>\n<li>\n<hr \/>\n<\/li>\n<li>12. Skruva dit en tappkran till varmvattentanken p\u00e5 h\u00f6ger sida. Kranen finns ink\u00f6pt och klar.<\/li>\n<li>\n<hr \/>\n<\/li>\n<li>13. S\u00e4tta upp en webbkamera som visar panoramat live ut mot vattnet. (Men kostnaden\u00a0f\u00f6r datam\u00e4ngden blir troligtvis f\u00f6r h\u00f6g)<\/li>\n<li>\n<hr \/>\n<\/li>\n<li>14. Rita upp en stor kompassros p\u00e5 trallen utanf\u00f6r bastun.<\/li>\n<\/ol>\n<p>&nbsp;<\/p>\n","protected":false},"excerpt":{"rendered":"<p>H\u00e4r \u00e4r en del jobb som \u00e5terst\u00e5r och n\u00e5gra ide\u00e9r. Allt st\u00e5r det var och en fritt fram att realisera. Fyll g\u00e4rna p\u00e5 med nya f\u00f6rslag! 1. S\u00e4tta upp h\u00e4ngr\u00e4nnor och stupr\u00f6r tillsammans med en tunna p\u00e5 marken s\u00e5 finns det s\u00f6tvatten d\u00e5 sommarvattnet \u00e4r avst\u00e4ngt. 2. Bygga en v\u00e4ggfast b\u00e4nk utmed l\u00e5ngsidan. 3. Montera&#8230;  <a class=\"excerpt-read-more\" href=\"https:\/\/gtff.se\/index.php\/vasterudd-bastu\/ideer\/\" title=\"Read Ide\u00e9r\">L\u00e4s mera &raquo;<\/a><\/p>\n","protected":false},"author":3,"featured_media":0,"parent":1569,"menu_order":0,"comment_status":"closed","ping_status":"closed","template":"","meta":[],"_links":{"self":[{"href":"https:\/\/gtff.se\/index.php\/wp-json\/wp\/v2\/pages\/1577"}],"collection":[{"href":"https:\/\/gtff.se\/index.php\/wp-json\/wp\/v2\/pages"}],"about":[{"href":"https:\/\/gtff.se\/index.php\/wp-json\/wp\/v2\/types\/page"}],"author":[{"embeddable":true,"href":"https:\/\/gtff.se\/index.php\/wp-json\/wp\/v2\/users\/3"}],"replies":[{"embeddable":true,"href":"https:\/\/gtff.se\/index.php\/wp-json\/wp\/v2\/comments?post=1577"}],"version-history":[{"count":31,"href":"https:\/\/gtff.se\/index.php\/wp-json\/wp\/v2\/pages\/1577\/revisions"}],"predecessor-version":[{"id":2307,"href":"https:\/\/gtff.se\/index.php\/wp-json\/wp\/v2\/pages\/1577\/revisions\/2307"}],"up":[{"embeddable":true,"href":"https:\/\/gtff.se\/index.php\/wp-json\/wp\/v2\/pages\/1569"}],"wp:attachment":[{"href":"https:\/\/gtff.se\/index.php\/wp-json\/wp\/v2\/media?parent=1577"}],"curies":[{"name":"wp","href":"https:\/\/api.w.org\/{rel}","templated":true}]}}