{"id":2025,"date":"2019-09-27T14:26:01","date_gmt":"2019-09-27T12:26:01","guid":{"rendered":"http:\/\/gtff.se\/?page_id=2025"},"modified":"2024-10-11T10:09:38","modified_gmt":"2024-10-11T08:09:38","slug":"naturvard","status":"publish","type":"page","link":"https:\/\/gtff.se\/index.php\/verksamhetsomraden\/mark-och-skogsvard\/naturvard\/","title":{"rendered":"Naturv\u00e5rd"},"content":{"rendered":"<p><strong>FRIDLYSTA ARTER<\/strong><\/p>\n<p style=\"text-align: left;\">T\u00e4nk p\u00e5 att vilt v\u00e4xande orkid\u00e9er som Adam och Eva, backsippa, bl\u00e5sippa, gullviva och liljekonvalj tillh\u00f6r de fridlysta blommorna och \u00e4r f\u00f6rbjudna att plocka. \u00c4ven hasselsnok, huggorm, kopparorm och grodor \u00e4r fridlysta arter. F\u00f6r en komplett lista p\u00e5 alla fridlysta arter se Naturv\u00e5rdsverkets hemsida.<\/p>\n<p><a href=\"https:\/\/www.naturvardsverket.se\/Var-natur\/Djur-och-vaxter\/Fridlysta-arter\/\">https:\/\/www.naturvardsverket.se\/Var-natur\/Djur-och-vaxter\/Fridlysta-arter\/<\/a><\/p>\n<p><strong>\u00a0<\/strong><strong>F\u00c5GEHOLKAR<\/strong><\/p>\n<p>F\u00f6reningen st\u00f6der upps\u00e4ttningen av holkar p\u00e5 den egna tomten. F\u00f6r de som vill s\u00e4tta ut egentillverkade holkar p\u00e5 allm\u00e4n mark kan f\u00f6reningen t\u00e4nka sig att st\u00e5 f\u00f6r materialkostnader. St\u00f6rre holkar f\u00f6r sj\u00f6f\u00e5gel som Skrak och Knipa ska vara byggda enligt specificerade m\u00e5tt. Ta kontakt med din kvarterm\u00e4stare f\u00f6r diskussion om placering, upps\u00e4ttning och kostnad. T\u00e4nk \u00e4ven p\u00e5 att fladderm\u00f6ssen beh\u00f6ver holkar.<\/p>\n<p><strong>B\u00c4VER<\/strong><\/p>\n<p>Sedan mer \u00e4n 4 \u00e5r har vi f\u00e5tt s\u00e4llskap av en b\u00e4ver i Gullbodasj\u00f6n. Trevligt och kul tycker vissa medan en del tycker den g\u00e5r f\u00f6r h\u00e5rt \u00e5t bj\u00f6rkar och andra l\u00f6vtr\u00e4d intill sj\u00f6n. F\u00f6rs\u00f6k p\u00e5g\u00e5r att s\u00e4tta upp skydd p\u00e5 stammarna p\u00e5 de tr\u00e4d n\u00e4rmast sj\u00f6n f\u00f6r att f\u00f6rhindra att alla p\u00e5 sikt f\u00e4lls av b\u00e4vern.<\/p>\n<p><strong>INVAVSIVA ARTER<\/strong><\/p>\n<p>En f\u00f6rteckning \u00f6ver invasiva arter hittar du p\u00e5 Artportalen, och via den kan du ocks\u00e5 rapportera dina fynd:<\/p>\n<p><a href=\"http:\/\/www.invasivaarter.nu\">www.invasivaarter.nu<\/a><\/p>\n<ul>\n<li><strong>J\u00e4tteloka<\/strong><\/li>\n<\/ul>\n<p>Fritt v\u00e4xande J\u00e4tteloka ska f\u00f6rst\u00f6ras s\u00e5 gott det g\u00e5r f\u00f6r att f\u00f6rhindra att den sprids. Den tillh\u00f6r en av de invasiva arterna i Sverige som vi inte vill ha p\u00e5 v\u00e5rt omr\u00e5de. Rapportera ev. fynd till din kvarterm\u00e4stare.<\/p>\n<p>\u201dStatus i Sverige<\/p>\n<p>V\u00e4xten f\u00f6rekommer i Sverige och har stor spridning. Den bek\u00e4mpas lokalt. J\u00e4tteloka \u00e4r listad p\u00e5 EU:s f\u00f6rteckning \u00f6ver invasiva fr\u00e4mmande arter, vilket inneb\u00e4r att den \u00e4r f\u00f6rbjuden att importera, s\u00e4lja, odla, transportera, anv\u00e4nda, byta och s\u00e4tta ut i naturen.\u00a0<\/p>\n<p>Hindra spridning av J\u00e4tteloka i svensk natur<\/p>\n<p>Bek\u00e4mpa arten metodiskt genom att ta bort fr\u00f6st\u00e4llningar kontinuerligt under m\u00e5nga \u00e5r till dess att fr\u00f6banken i jorden \u00e4r utarmad. Det \u00e4r viktigt att se till att fr\u00f6st\u00e4llningarna inte l\u00e4mnas kvar i omr\u00e5det. Andra metoder \u00e4r rotkapning och uppgr\u00e4vning som b\u00f6r upprepas flera g\u00e5nger per s\u00e4song. Det g\u00e5r ocks\u00e5 att kv\u00e4va v\u00e4xten genom att t\u00e4cka marken p\u00e5 v\u00e5ren. Hantera v\u00e4xtavfall och jord som kan inneh\u00e5lla fr\u00f6n s\u00e5 de inte sprids vidare.<\/p>\n<p>Anv\u00e4nd skyddskl\u00e4der och glas\u00f6gon, d\u00e5 du kan f\u00e5 hudskador av v\u00e4xtsaften. Effektivast \u00e4r att br\u00e4nna v\u00e4xtavfallet. H\u00f6r med din kommun om du f\u00e5r br\u00e4nna tr\u00e4dg\u00e5rdsavfall i egen regi eller om de tar emot v\u00e4xtmaterial f\u00f6r f\u00f6rbr\u00e4nning vid \u00e5tervinningsstationerna. Endast i undantagsfall b\u00f6r det komposteras. Bl\u00f6t i s\u00e5 fall ner plantorna och l\u00e4gg dem i en sluten plastp\u00e5se f\u00f6r att ruttna. Anv\u00e4nd t\u00e4ckta komposter s\u00e5 att fragment inte kan bl\u00e5sa iv\u00e4g och bidra till nyetableringar.<\/p>\n<p>Observera att mark\u00e4garens tillst\u00e5nd kr\u00e4vs om du vill g\u00f6ra \u00e5tg\u00e4rder p\u00e5 annans mark!\u201d<\/p>\n<ul>\n<li><strong>Mink<\/strong><\/li>\n<\/ul>\n<p>Minken har p\u00e5 senare \u00e5r etablerat sig i sk\u00e4rg\u00e5rden, och s\u00e5 \u00e4ven p\u00e5 Musk\u00f6. Minken \u00e4r ett m\u00e5rddjur fr\u00e5n Nordamerika och beskrivs som ett av de de st\u00f6rsta hoten mot den biologiska m\u00e5ngfalden i sk\u00e4rg\u00e5rdsmilj\u00f6er och framf\u00f6rallt mot markh\u00e4ckande f\u00e5glar. Det uppskattas finnas mellan 500 &#8211; 1000 minkar i n\u00e4romr\u00e5det.\u00a0<\/p>\n<p>I hopp om att kunna medverka till att reducera minkpopulationen i Guldbodaomr\u00e5det inhandlade GTFF under v\u00e5ren 2024 minkf\u00e4llor (8 st) att l\u00e5na ut. F\u00e4llorna \u00e4r s\u00e5 kallade slagf\u00e4llor &#8221;IHJ\u00c4L&#8221;. De \u00e4r godk\u00e4nda av Naturv\u00e5rdsverket och l\u00e4mpliga f\u00f6r \u00e4ndam\u00e5let. De \u00e4r enligt uppgift effektiva och humana, och ska placeras p\u00e5 marken i enlighet med g\u00e4llande regler och best\u00e4mmelser.\u00a0<\/p>\n<p>Mer information om f\u00e4llorna finns i f\u00f6ljande l\u00e4nk:<\/p>\n<p><a href=\"https:\/\/www.naturvardsverket.se\/4ac43a\/globalassets\/media\/dokument\/beslut\/fangstredskap\/s-012.pdf\">https:\/\/www.naturvardsverket.se\/4ac43a\/globalassets\/media\/dokument\/beslut\/fangstredskap\/s-012.pdf<\/a><\/p>\n<p>Tanken \u00e4r att f\u00e4llorna ska cirkulera och att de skiftas i samband med v\u00e5r- och h\u00f6stst\u00e4dning. D\u00e4rmed kommer fler boende som \u00f6nskar pr\u00f6va minkf\u00e4llorna ges m\u00f6jlighet. I f\u00f6ljande dokument delas tips och l\u00e4nkar kring hantering av f\u00e4llor vid jakt av mink.<\/p>\n<p><a href=\"http:\/\/gtff.se\/wp-content\/uploads\/2024\/09\/Information-minkfallan-IHJAL.pdf\">Information minkf\u00e4lla IHJ\u00c4L<\/a><\/p>\n<ul>\n<li><strong>Parkslide<\/strong><\/li>\n<\/ul>\n<p>\u00c4ven parkslide klassas som invasiv och utg\u00f6r ett hot mot den biologiska m\u00e5ngfalden. Den \u00e4r en fler\u00e5rig storvuxen \u00f6rt som sprids med r\u00f6tter och stamdelar. Parkslide har visat sig sv\u00e5r att bek\u00e4mpa eftersom den lagrar n\u00e4ring p\u00e5 stort djup och d\u00e4rf\u00f6r kan \u00e5teretablera sig \u00e4ven om vegetationen ovan jord och ytliga r\u00f6tter tagits bort. Den har visat h\u00f6g tolerans f\u00f6r kemiska bek\u00e4mpningsmedel, och har ocks\u00e5 f\u00f6rm\u00e5gan att reagera p\u00e5 bek\u00e4mpningsf\u00f6rs\u00f6k genom att skjuta rotskott upp till sju meter fr\u00e5n huvudplantan.<\/p>\n<p>Under 2024 har representanter f\u00f6r V\u00e4gf\u00f6reningen inlett ett arbete f\u00f6r att bek\u00e4mpa det best\u00e5nd med parkslide som v\u00e4xer l\u00e4ngs med v\u00e4gen p\u00e5 h\u00f6ger sida, strax efter sopcontainern vid s\u00f6dra infarten. Omr\u00e5det har m\u00e4rkts upp med skyltar. Metoden som valts \u00e4r att klippa best\u00e5ndet, \u00f6vervaka omr\u00e5det och l\u00f6pande ta bort eventuella nya skott som kommer upp under v\u00e4xts\u00e4songen. V\u00e4xtavfallet samlas in i s\u00e4ckar och l\u00e4mnas in enligt g\u00e4llande riktlinjer. D\u00e4refter kommer hela omr\u00e5det att t\u00e4ckas med markduk.<\/p>\n<p>Eftersom parkslide \u00e4r sv\u00e5r att bek\u00e4mpa, kan det vara viktigare att inte sprida parksliden till nya platser \u00e4n att bek\u00e4mpa den. Vid bek\u00e4mpning av parkslide och \u00f6vriga invasiva arter h\u00e4nvisas till metodkatalogen fr\u00e5n Naturv\u00e5rdsverket och Havs- och Vattenmyndigheten:<\/p>\n<p><a href=\"https:\/\/metodkatalog.invasivaarter.nu\/methods\">https:\/\/metodkatalog.invasivaarter.nu\/methods<\/a><\/p>\n\n\n<p><\/p>\n","protected":false},"excerpt":{"rendered":"<p>FRIDLYSTA ARTER T\u00e4nk p\u00e5 att vilt v\u00e4xande orkid\u00e9er som Adam och Eva, backsippa, bl\u00e5sippa, gullviva och liljekonvalj tillh\u00f6r de fridlysta blommorna och \u00e4r f\u00f6rbjudna att plocka. \u00c4ven hasselsnok, huggorm, kopparorm och grodor \u00e4r fridlysta arter. F\u00f6r en komplett lista p\u00e5 alla fridlysta arter se Naturv\u00e5rdsverkets hemsida. https:\/\/www.naturvardsverket.se\/Var-natur\/Djur-och-vaxter\/Fridlysta-arter\/ \u00a0F\u00c5GEHOLKAR F\u00f6reningen st\u00f6der upps\u00e4ttningen av holkar p\u00e5 den&#8230;  <a class=\"excerpt-read-more\" href=\"https:\/\/gtff.se\/index.php\/verksamhetsomraden\/mark-och-skogsvard\/naturvard\/\" title=\"Read Naturv\u00e5rd\">L\u00e4s mera &raquo;<\/a><\/p>\n","protected":false},"author":3,"featured_media":0,"parent":83,"menu_order":0,"comment_status":"closed","ping_status":"closed","template":"","meta":[],"_links":{"self":[{"href":"https:\/\/gtff.se\/index.php\/wp-json\/wp\/v2\/pages\/2025"}],"collection":[{"href":"https:\/\/gtff.se\/index.php\/wp-json\/wp\/v2\/pages"}],"about":[{"href":"https:\/\/gtff.se\/index.php\/wp-json\/wp\/v2\/types\/page"}],"author":[{"embeddable":true,"href":"https:\/\/gtff.se\/index.php\/wp-json\/wp\/v2\/users\/3"}],"replies":[{"embeddable":true,"href":"https:\/\/gtff.se\/index.php\/wp-json\/wp\/v2\/comments?post=2025"}],"version-history":[{"count":31,"href":"https:\/\/gtff.se\/index.php\/wp-json\/wp\/v2\/pages\/2025\/revisions"}],"predecessor-version":[{"id":2895,"href":"https:\/\/gtff.se\/index.php\/wp-json\/wp\/v2\/pages\/2025\/revisions\/2895"}],"up":[{"embeddable":true,"href":"https:\/\/gtff.se\/index.php\/wp-json\/wp\/v2\/pages\/83"}],"wp:attachment":[{"href":"https:\/\/gtff.se\/index.php\/wp-json\/wp\/v2\/media?parent=2025"}],"curies":[{"name":"wp","href":"https:\/\/api.w.org\/{rel}","templated":true}]}}