{"id":23,"date":"2017-01-03T10:53:02","date_gmt":"2017-01-03T09:53:02","guid":{"rendered":"http:\/\/gtff.duncastudio.se\/?page_id=23"},"modified":"2025-03-26T20:46:26","modified_gmt":"2025-03-26T19:46:26","slug":"midsommar","status":"publish","type":"page","link":"https:\/\/gtff.se\/index.php\/kalender\/midsommar\/","title":{"rendered":"Midsommar"},"content":{"rendered":"<p>GTFF:s sedvanliga midsommarfirande \u00e4r en trevlig tradition f\u00f6r m\u00e5nga, men \u00e4ven andra med anknytning till Musk\u00f6 tar tillf\u00e4llet i akt att delta. Enligt gammal tradition s\u00e5 kl\u00e4s och reses st\u00e5ngen p\u00e5 f\u00f6rmiddagen p\u00e5 midsommarafton och p\u00e5 kv\u00e4llen dansar vi p\u00e5 \u00d6sterudds Brygga.<\/p>\n<p>Midsommardagen inleds ofta med t\u00e4vlingar f\u00f6r b\u00e5de barn och vuxna p\u00e5 \u00e4ngen som h\u00e5ller p\u00e5 fram till lunch. Efter en kort paus forts\u00e4tter firandet p\u00e5 eftermiddagen och vi lockas ned till \u00e4ngen av tonerna till musikerna som marscherar genom omr\u00e5det ner till \u00e4ngen f\u00f6r en eftermiddag med traditionell musik och dans.<\/p>\n<p><strong>Midsommarafton<br \/>\n<\/strong>8:00 samlas vi vid \u00e4ngen p\u00e5 parkeringsplatsen f\u00f6r att \u00e5ka och hugga bj\u00f6rkris.<br \/>\n10:00 kommer bj\u00f6rkriset till \u00e4ngen och vi kl\u00e4r st\u00e5ngen. Det beh\u00f6vs m\u00e5nga som plockar blommor, binder kransar, kl\u00e4r och reser st\u00e5ngen!<br \/>\n21:00 dansar vi till levande musik, p\u00e5 \u00d6sterudds brygga.<\/p>\n<p><strong>Midsommardagen<br \/>\n<\/strong>9:30 ordnas ofta lekar i form av individuell femkamp, med handicap &#8211; s\u00e5 att b\u00e5de barn och vuxna kan t\u00e4vla mot varandra. D\u00e4refter blir det en paus s\u00e5 man hinner hem f\u00f6r att \u00e4ta och byta till finkl\u00e4der om man vill!<br \/>\n14:00 dansar vi runt midsommarst\u00e5ngen.<br \/>\nM\u00e5ng \u00e5r har eftermiddagen avslutats med t\u00e4vlingar f\u00f6r 3-4-\u00e5ringar och familjet\u00e4vling.<\/p>\n","protected":false},"excerpt":{"rendered":"<p>GTFF:s sedvanliga midsommarfirande \u00e4r en trevlig tradition f\u00f6r m\u00e5nga, men \u00e4ven andra med anknytning till Musk\u00f6 tar tillf\u00e4llet i akt att delta. Enligt gammal tradition s\u00e5 kl\u00e4s och reses st\u00e5ngen p\u00e5 f\u00f6rmiddagen p\u00e5 midsommarafton och p\u00e5 kv\u00e4llen dansar vi p\u00e5 \u00d6sterudds Brygga. Midsommardagen inleds ofta med t\u00e4vlingar f\u00f6r b\u00e5de barn och vuxna p\u00e5 \u00e4ngen som&#8230;  <a class=\"excerpt-read-more\" href=\"https:\/\/gtff.se\/index.php\/kalender\/midsommar\/\" title=\"Read Midsommar\">L\u00e4s mera &raquo;<\/a><\/p>\n","protected":false},"author":1,"featured_media":0,"parent":15,"menu_order":0,"comment_status":"closed","ping_status":"closed","template":"","meta":[],"_links":{"self":[{"href":"https:\/\/gtff.se\/index.php\/wp-json\/wp\/v2\/pages\/23"}],"collection":[{"href":"https:\/\/gtff.se\/index.php\/wp-json\/wp\/v2\/pages"}],"about":[{"href":"https:\/\/gtff.se\/index.php\/wp-json\/wp\/v2\/types\/page"}],"author":[{"embeddable":true,"href":"https:\/\/gtff.se\/index.php\/wp-json\/wp\/v2\/users\/1"}],"replies":[{"embeddable":true,"href":"https:\/\/gtff.se\/index.php\/wp-json\/wp\/v2\/comments?post=23"}],"version-history":[{"count":15,"href":"https:\/\/gtff.se\/index.php\/wp-json\/wp\/v2\/pages\/23\/revisions"}],"predecessor-version":[{"id":2966,"href":"https:\/\/gtff.se\/index.php\/wp-json\/wp\/v2\/pages\/23\/revisions\/2966"}],"up":[{"embeddable":true,"href":"https:\/\/gtff.se\/index.php\/wp-json\/wp\/v2\/pages\/15"}],"wp:attachment":[{"href":"https:\/\/gtff.se\/index.php\/wp-json\/wp\/v2\/media?parent=23"}],"curies":[{"name":"wp","href":"https:\/\/api.w.org\/{rel}","templated":true}]}}