{"id":27,"date":"2017-01-03T10:53:30","date_gmt":"2017-01-03T09:53:30","guid":{"rendered":"http:\/\/gtff.duncastudio.se\/?page_id=27"},"modified":"2024-08-10T14:43:07","modified_gmt":"2024-08-10T12:43:07","slug":"fisketavling","status":"publish","type":"page","link":"https:\/\/gtff.se\/index.php\/kalender\/fisketavling\/","title":{"rendered":"Fisket\u00e4vling"},"content":{"rendered":"<p>Ett annat trevligt arrangemang som GTFF traditionellt anordnat \u00e4r den \u00e5rliga fisket\u00e4vlingen. Tyv\u00e4rr har vi inte haft tillr\u00e4ckligt intresse under de senaste \u00e5ren s\u00e5 just nu har traditionen satts p\u00e5 paus. Men vi hoppas att \u00e5terta traditionen &#8211; om n\u00e5gon vill hj\u00e4lpa till att arrangera en s\u00e5dan t\u00e4vling s\u00e5 h\u00f6r av er till n\u00e5gon i styrelsen!<\/p>\n<p>Traditionellt har fisket\u00e4vlingen g\u00e5tt av stapeln en dag mitt i juli sedan 1958 med t\u00e4vlingstid mellan kl 9:00 &#8211; 12:00. Samling ca 08:30 vid \u00d6rnsand f\u00f6r registrering. H\u00e4nsyn tas till g\u00e4llande regler vad g\u00e4ller g\u00e4ddfiske m.m. och den som fiskar ihop mest till kilot r\u00e4knat fisk vinner.<\/p>\n<p>F\u00f6r g\u00e4dda g\u00e4ller att l\u00e4ngden mindre \u00e4n 40 cm och st\u00f6rre \u00e4n 75 cm \u00e4r fredade och skall \u00e5ters\u00e4ttas.<br \/>\nF\u00f6r g\u00e4llande fiskeregler se <a href=\"http:\/\/www.svenskafiskeregler.se\/Sv\/allmanna-fiskeregler\/Pages\/default.aspx\">h\u00e4r<\/a>. F\u00f6r fiskeomr\u00e5de se <a href=\"http:\/\/gtff.se\/wp-content\/uploads\/2017\/08\/GTFF_Fiskekarta.jpg\">fiskekartan<\/a>.<\/p>\n<p><strong>Statistik<\/strong><\/p>\n<p>T\u00e4vlingen p\u00e5gick mellan 1958 &#8211; 2017.<br \/>\nTotalt hittills 2017 har vinnarna dragit upp 243 kilo fisk med ett snitt p\u00e5 strax \u00f6ver 4 kilo.<\/p>\n<p>Summa \u00a0 \u00a0 \u00a0 \u00a0 \u00a0247 744 gram\u00a0\u00a0 2 668 pers<br \/>\nMedel \u00a0 \u00a0 \u00a0 \u00a0 \u00a0 \u00a0 4 120 gram \u00a0 \u00a0 \u00a0 44 pers<br \/>\nMaximum \u00a0 \u00a0 \u00a010 620 gram \u00a0 \u00a0 82 pers<br \/>\nMinimum \u00a0 \u00a0 \u00a0 230 gram \u00a0 \u00a0 \u00a0 \u00a011 pers<\/p>\n<p>Se alla resultat h\u00e4r:\u00a0<strong><a href=\"http:\/\/gtff.se\/wp-content\/uploads\/2020\/04\/Fisketavling_resultat.pdf\">Resultat<\/a><br \/>\n<\/strong><\/p>\n","protected":false},"excerpt":{"rendered":"<p>Ett annat trevligt arrangemang som GTFF traditionellt anordnat \u00e4r den \u00e5rliga fisket\u00e4vlingen. Tyv\u00e4rr har vi inte haft tillr\u00e4ckligt intresse under de senaste \u00e5ren s\u00e5 just nu har traditionen satts p\u00e5 paus. Men vi hoppas att \u00e5terta traditionen &#8211; om n\u00e5gon vill hj\u00e4lpa till att arrangera en s\u00e5dan t\u00e4vling s\u00e5 h\u00f6r av er till n\u00e5gon i&#8230;  <a class=\"excerpt-read-more\" href=\"https:\/\/gtff.se\/index.php\/kalender\/fisketavling\/\" title=\"Read Fisket\u00e4vling\">L\u00e4s mera &raquo;<\/a><\/p>\n","protected":false},"author":1,"featured_media":0,"parent":15,"menu_order":0,"comment_status":"closed","ping_status":"closed","template":"","meta":[],"_links":{"self":[{"href":"https:\/\/gtff.se\/index.php\/wp-json\/wp\/v2\/pages\/27"}],"collection":[{"href":"https:\/\/gtff.se\/index.php\/wp-json\/wp\/v2\/pages"}],"about":[{"href":"https:\/\/gtff.se\/index.php\/wp-json\/wp\/v2\/types\/page"}],"author":[{"embeddable":true,"href":"https:\/\/gtff.se\/index.php\/wp-json\/wp\/v2\/users\/1"}],"replies":[{"embeddable":true,"href":"https:\/\/gtff.se\/index.php\/wp-json\/wp\/v2\/comments?post=27"}],"version-history":[{"count":120,"href":"https:\/\/gtff.se\/index.php\/wp-json\/wp\/v2\/pages\/27\/revisions"}],"predecessor-version":[{"id":2750,"href":"https:\/\/gtff.se\/index.php\/wp-json\/wp\/v2\/pages\/27\/revisions\/2750"}],"up":[{"embeddable":true,"href":"https:\/\/gtff.se\/index.php\/wp-json\/wp\/v2\/pages\/15"}],"wp:attachment":[{"href":"https:\/\/gtff.se\/index.php\/wp-json\/wp\/v2\/media?parent=27"}],"curies":[{"name":"wp","href":"https:\/\/api.w.org\/{rel}","templated":true}]}}