{"id":395,"date":"2017-01-17T15:23:04","date_gmt":"2017-01-17T14:23:04","guid":{"rendered":"http:\/\/beta.gtff.se\/?page_id=395"},"modified":"2025-03-27T19:52:46","modified_gmt":"2025-03-27T18:52:46","slug":"utlagg","status":"publish","type":"page","link":"https:\/\/gtff.se\/index.php\/kontaktuppgifter\/utlagg\/","title":{"rendered":"Utl\u00e4gg"},"content":{"rendered":"<p>D\u00e5 en person har gjort utl\u00e4gg eller har gjort arbete som vederb\u00f6rande \u00e4r ber\u00e4ttigad ers\u00e4ttning f\u00f6r ska denna <a href=\"http:\/\/gtff.se\/wp-content\/uploads\/2017\/01\/Mall_ers\u00e4ttning_version_1-1.xlsx\">Mall<\/a> anv\u00e4ndas. Ett utl\u00e4gg ska vara godk\u00e4nt av n\u00e5gon i styrelsen i f\u00f6rv\u00e4g. F\u00f6r arbete som man vill beg\u00e4ra ers\u00e4ttning f\u00f6r g\u00e4ller p\u00e5 samma s\u00e4tt att n\u00e5gon i styrelsen ska ha godk\u00e4nt arbetet.<\/p>\n<p>Skicka underlag (kvitto\/faktura) till: <a href=\"mailto:inbox.lev.1618552@arkivplats.se\">inbox.lev.1618552@arkivplats.se<\/a><br \/><span style=\"font-size: inherit;\"><br \/>Vid fr\u00e5gor kontakta GTFF <\/span><a href=\"mailto:fredrikmtornberg@gmail.com\">Fredrik T\u00f6rnberg<\/a><\/p>\n\n\n<p><\/p>\n","protected":false},"excerpt":{"rendered":"<p>D\u00e5 en person har gjort utl\u00e4gg eller har gjort arbete som vederb\u00f6rande \u00e4r ber\u00e4ttigad ers\u00e4ttning f\u00f6r ska denna Mall anv\u00e4ndas. Ett utl\u00e4gg ska vara godk\u00e4nt av n\u00e5gon i styrelsen i f\u00f6rv\u00e4g. F\u00f6r arbete som man vill beg\u00e4ra ers\u00e4ttning f\u00f6r g\u00e4ller p\u00e5 samma s\u00e4tt att n\u00e5gon i styrelsen ska ha godk\u00e4nt arbetet. Skicka underlag (kvitto\/faktura) till:&#8230;  <a class=\"excerpt-read-more\" href=\"https:\/\/gtff.se\/index.php\/kontaktuppgifter\/utlagg\/\" title=\"Read Utl\u00e4gg\">L\u00e4s mera &raquo;<\/a><\/p>\n","protected":false},"author":2,"featured_media":0,"parent":113,"menu_order":0,"comment_status":"closed","ping_status":"closed","template":"","meta":[],"_links":{"self":[{"href":"https:\/\/gtff.se\/index.php\/wp-json\/wp\/v2\/pages\/395"}],"collection":[{"href":"https:\/\/gtff.se\/index.php\/wp-json\/wp\/v2\/pages"}],"about":[{"href":"https:\/\/gtff.se\/index.php\/wp-json\/wp\/v2\/types\/page"}],"author":[{"embeddable":true,"href":"https:\/\/gtff.se\/index.php\/wp-json\/wp\/v2\/users\/2"}],"replies":[{"embeddable":true,"href":"https:\/\/gtff.se\/index.php\/wp-json\/wp\/v2\/comments?post=395"}],"version-history":[{"count":24,"href":"https:\/\/gtff.se\/index.php\/wp-json\/wp\/v2\/pages\/395\/revisions"}],"predecessor-version":[{"id":3080,"href":"https:\/\/gtff.se\/index.php\/wp-json\/wp\/v2\/pages\/395\/revisions\/3080"}],"up":[{"embeddable":true,"href":"https:\/\/gtff.se\/index.php\/wp-json\/wp\/v2\/pages\/113"}],"wp:attachment":[{"href":"https:\/\/gtff.se\/index.php\/wp-json\/wp\/v2\/media?parent=395"}],"curies":[{"name":"wp","href":"https:\/\/api.w.org\/{rel}","templated":true}]}}