{"id":91,"date":"2017-01-03T11:14:50","date_gmt":"2017-01-03T10:14:50","guid":{"rendered":"http:\/\/gtff.duncastudio.se\/?page_id=91"},"modified":"2025-04-07T12:22:37","modified_gmt":"2025-04-07T10:22:37","slug":"fiske-och-jakt","status":"publish","type":"page","link":"https:\/\/gtff.se\/index.php\/verksamhetsomraden\/fiske-och-jakt\/","title":{"rendered":"Fiske &#038; Jakt"},"content":{"rendered":"<p>I styrelsen \u00e4r <a href=\"mailto:fredrikmtornberg@gmail.com\">Fredrik T\u00f6rnberg<\/a> ansvarig f\u00f6r fiske- och jaktfr\u00e5gor.<\/p>\n<p><strong>Fiske<\/strong><\/p>\n<p>F\u00f6r fiskets bedrivande p\u00e5 f\u00f6reningens omr\u00e5de g\u00e4ller allm\u00e4nna lagar och kung\u00f6relser. Ut\u00f6ver dessa g\u00e4ller f\u00f6r GTFF till\u00e4ggsf\u00f6reskrifter enligt nedan: Make\/maka, f\u00f6r\u00e4ldrar och barn till medlem f\u00e5r fiska med iakttagande av inskr\u00e4nkningar och skyldigheter, som g\u00e4ller f\u00f6r medlemmar. Detta g\u00e4ller \u00e4ven g\u00e4ster till medlem i n\u00e4rvaro av denne eller n\u00e5gon av dennes angivna anh\u00f6riga.<\/p>\n<p>Styrelsen tills\u00e4tter tillsynsm\u00e4n men f\u00f6r n\u00e4rvarande finns ingen utsedd.<\/p>\n<p>Alla utlagda redskap skall vara tydligt m\u00e4rkta med \u00e4garens tomtnummer. Om\u00e4rkta redskap skall omedelbart rapporteras till fisketillsynsman f\u00f6r omh\u00e4ndertagande.<\/p>\n<p>Fiske med n\u00e4t \u00e4r till\u00e5tet inom det vattenomr\u00e5de som framg\u00e5r av s\u00e4rskild\u00a0<a href=\"http:\/\/gtff.se\/wp-content\/uploads\/2017\/08\/GTFF_Fiskekarta.jpg\">fiskekarta<\/a>.<\/p>\n<p>Ut\u00f6ver vad som stadgas i lag och allm\u00e4nna kung\u00f6relser \u00e4r det f\u00f6rbjudet att:<\/p>\n<p>a) fiska med ryssja, st\u00e5ndkrok, sax, flytande l\u00e5ngrev, mj\u00e4rdar, n\u00e4t, med undantag av m\u00f6rt- och l\u00f6jn\u00e4t samt m\u00f6rtstugor vintertid.<\/p>\n<p>b) fiska i Uddsj\u00f6n.<\/p>\n<p>c) fiska i Guldbodasj\u00f6n med n\u00e4t, ryssja, kasse eller liknande redskap.<\/p>\n<p>d) f\u00e5nga mer fisk \u00e4n vad som anv\u00e4nds i eget hush\u00e5ll.<\/p>\n<p>e) s\u00e4lja f\u00e5ngad fisk.<\/p>\n<p>Vid \u00f6vertr\u00e4delse av best\u00e4mmelserna i denna paragraf skall ut\u00f6ver vad som beivras enligt lag den felande f\u00f6rsta g\u00e5ngen av styrelsen tilldelas varning. Vid upprepad f\u00f6rseelse f\u00f6rverkas redskapen och styrelsen f\u00e5r ta ut en kontrollavgift.<\/p>\n<p>Uppst\u00e5r meningsskiljaktigheter mellan enskilda medlemmar eller grupper av medlemmar ang\u00e5ende fiskets ut\u00f6vande, skall de tvistande i och f\u00f6r medling h\u00e4nskjuta saken till styrelsen.<\/p>\n<p>Kan inte f\u00f6rlikning uppn\u00e5s p\u00e5 detta s\u00e4tt skall saken upptas p\u00e5 n\u00e4stkommande f\u00f6reningsst\u00e4mma, vars beslut de tvistande vid \u00e4ventyr av f\u00f6rlust av fisker\u00e4tten \u00e4r skyldiga att r\u00e4tta sig efter.<\/p>\n<p>Se \u00e4ven\u00a0<a href=\"http:\/\/gtff.se\/index.php\/stadgar-och-regler\/stadgar\/\">stadgar<\/a> och <a href=\"http:\/\/gtff.se\/index.php\/stadgar-och-regler\/ordningsforeskrifter\/\">ordningsf\u00f6reskrifter<\/a>.<\/p>\n<p><strong>Jakt<\/strong><\/p>\n<p><a href=\"mailto:fredrikmtornberg@gmail.com\">Fredrik T\u00f6rnberg<\/a> \u00e4r jaktv\u00e5rdsledare f\u00f6r GTFF och reglerar all jakt inom v\u00e5rt omr\u00e5de.<\/p>\n<p>Inom f\u00f6reningens omr\u00e5de str\u00f6var vilt; fr\u00e4mst r\u00e5djur och \u00e4lg. Viltv\u00e5rden regleras inom f\u00f6reningen av utsedd jaktv\u00e5rdsledare. Jakt \u00e4r f\u00f6rbjuden utan jaktv\u00e5rdsledarens s\u00e4rskilda tillst\u00e5nd.<\/p>\n<div align=\"right\"><\/div>\n","protected":false},"excerpt":{"rendered":"<p>I styrelsen \u00e4r Fredrik T\u00f6rnberg ansvarig f\u00f6r fiske- och jaktfr\u00e5gor. Fiske F\u00f6r fiskets bedrivande p\u00e5 f\u00f6reningens omr\u00e5de g\u00e4ller allm\u00e4nna lagar och kung\u00f6relser. Ut\u00f6ver dessa g\u00e4ller f\u00f6r GTFF till\u00e4ggsf\u00f6reskrifter enligt nedan: Make\/maka, f\u00f6r\u00e4ldrar och barn till medlem f\u00e5r fiska med iakttagande av inskr\u00e4nkningar och skyldigheter, som g\u00e4ller f\u00f6r medlemmar. Detta g\u00e4ller \u00e4ven g\u00e4ster till medlem i&#8230;  <a class=\"excerpt-read-more\" href=\"https:\/\/gtff.se\/index.php\/verksamhetsomraden\/fiske-och-jakt\/\" title=\"Read Fiske &#038; Jakt\">L\u00e4s mera &raquo;<\/a><\/p>\n","protected":false},"author":1,"featured_media":0,"parent":77,"menu_order":0,"comment_status":"closed","ping_status":"closed","template":"","meta":[],"_links":{"self":[{"href":"https:\/\/gtff.se\/index.php\/wp-json\/wp\/v2\/pages\/91"}],"collection":[{"href":"https:\/\/gtff.se\/index.php\/wp-json\/wp\/v2\/pages"}],"about":[{"href":"https:\/\/gtff.se\/index.php\/wp-json\/wp\/v2\/types\/page"}],"author":[{"embeddable":true,"href":"https:\/\/gtff.se\/index.php\/wp-json\/wp\/v2\/users\/1"}],"replies":[{"embeddable":true,"href":"https:\/\/gtff.se\/index.php\/wp-json\/wp\/v2\/comments?post=91"}],"version-history":[{"count":22,"href":"https:\/\/gtff.se\/index.php\/wp-json\/wp\/v2\/pages\/91\/revisions"}],"predecessor-version":[{"id":3017,"href":"https:\/\/gtff.se\/index.php\/wp-json\/wp\/v2\/pages\/91\/revisions\/3017"}],"up":[{"embeddable":true,"href":"https:\/\/gtff.se\/index.php\/wp-json\/wp\/v2\/pages\/77"}],"wp:attachment":[{"href":"https:\/\/gtff.se\/index.php\/wp-json\/wp\/v2\/media?parent=91"}],"curies":[{"name":"wp","href":"https:\/\/api.w.org\/{rel}","templated":true}]}}