{"id":93,"date":"2017-01-03T11:15:08","date_gmt":"2017-01-03T10:15:08","guid":{"rendered":"http:\/\/gtff.duncastudio.se\/?page_id=93"},"modified":"2024-08-10T15:13:51","modified_gmt":"2024-08-10T13:13:51","slug":"bilar-och-parkering","status":"publish","type":"page","link":"https:\/\/gtff.se\/index.php\/verksamhetsomraden\/bilar-och-parkering\/","title":{"rendered":"Bilar &#038; V\u00e4gar"},"content":{"rendered":"<p><strong>V\u00e4gar<\/strong><\/p>\n<p>Guldboda samf\u00e4llighetsf\u00f6reningen sk\u00f6ter v\u00e5ra v\u00e4gar och \u00d6steruddsbron. Ni hittar mer information om v\u00e4garna p\u00e5 deras\u00a0<a href=\"http:\/\/www.guldboda.se\/\">hemsida<\/a>.<\/p>\n<p><strong>Parkering<\/strong><\/p>\n<p>L\u00e5ngtidsuppst\u00e4llning av bilar p\u00e5 f\u00f6reningens omr\u00e5de \u00e4r inte till\u00e5tet.<\/p>\n<p>Uppm\u00e4rkt g\u00e4stparkering finns p\u00e5 Strandv\u00e4gen norr om \u00e4ngen.<\/p>\n<p><strong>Sn\u00f6r\u00f6jning<\/strong><\/p>\n<p>Sn\u00f6r\u00f6jning sk\u00f6ts av Guldboda samf\u00e4llighetsf\u00f6rening och sker endast p\u00e5 f\u00f6reningens v\u00e4gar, inte p\u00e5 privata upp\/tillfarter.<\/p>\n\n\n<p><\/p>\n","protected":false},"excerpt":{"rendered":"<p>V\u00e4gar Guldboda samf\u00e4llighetsf\u00f6reningen sk\u00f6ter v\u00e5ra v\u00e4gar och \u00d6steruddsbron. Ni hittar mer information om v\u00e4garna p\u00e5 deras\u00a0hemsida. Parkering L\u00e5ngtidsuppst\u00e4llning av bilar p\u00e5 f\u00f6reningens omr\u00e5de \u00e4r inte till\u00e5tet. Uppm\u00e4rkt g\u00e4stparkering finns p\u00e5 Strandv\u00e4gen norr om \u00e4ngen. Sn\u00f6r\u00f6jning Sn\u00f6r\u00f6jning sk\u00f6ts av Guldboda samf\u00e4llighetsf\u00f6rening och sker endast p\u00e5 f\u00f6reningens v\u00e4gar, inte p\u00e5 privata upp\/tillfarter.<\/p>\n","protected":false},"author":1,"featured_media":0,"parent":77,"menu_order":0,"comment_status":"closed","ping_status":"closed","template":"","meta":[],"_links":{"self":[{"href":"https:\/\/gtff.se\/index.php\/wp-json\/wp\/v2\/pages\/93"}],"collection":[{"href":"https:\/\/gtff.se\/index.php\/wp-json\/wp\/v2\/pages"}],"about":[{"href":"https:\/\/gtff.se\/index.php\/wp-json\/wp\/v2\/types\/page"}],"author":[{"embeddable":true,"href":"https:\/\/gtff.se\/index.php\/wp-json\/wp\/v2\/users\/1"}],"replies":[{"embeddable":true,"href":"https:\/\/gtff.se\/index.php\/wp-json\/wp\/v2\/comments?post=93"}],"version-history":[{"count":17,"href":"https:\/\/gtff.se\/index.php\/wp-json\/wp\/v2\/pages\/93\/revisions"}],"predecessor-version":[{"id":2761,"href":"https:\/\/gtff.se\/index.php\/wp-json\/wp\/v2\/pages\/93\/revisions\/2761"}],"up":[{"embeddable":true,"href":"https:\/\/gtff.se\/index.php\/wp-json\/wp\/v2\/pages\/77"}],"wp:attachment":[{"href":"https:\/\/gtff.se\/index.php\/wp-json\/wp\/v2\/media?parent=93"}],"curies":[{"name":"wp","href":"https:\/\/api.w.org\/{rel}","templated":true}]}}