{"id":95,"date":"2017-01-03T11:15:26","date_gmt":"2017-01-03T10:15:26","guid":{"rendered":"http:\/\/gtff.duncastudio.se\/?page_id=95"},"modified":"2020-04-20T10:22:34","modified_gmt":"2020-04-20T08:22:34","slug":"medlemsregistrering","status":"publish","type":"page","link":"https:\/\/gtff.se\/index.php\/kontaktuppgifter\/medlemsregistrering\/","title":{"rendered":"Adress\u00e4ndring"},"content":{"rendered":"<p style=\"text-align: left;\">Om du vill bli medlem, \u00e4ndra dina uppgifter eller s\u00e4ga upp ditt medlemsskap kan du maila till \u00a0GTFF:s sekreterare, <a href=\"mailto:jan.we@telia.com\">Jan Westerberg<\/a>.\u00a0En kopia p\u00e5 dit mejl kommer \u00e4ven att skickas till V\u00e4gsamf\u00e4lligheten.<\/p>\n<div align=\"center\">\n<div style=\"text-align: left;\" align=\"center\">\n<p>F\u00f6r att f\u00e5 bli medlem m\u00e5ste du ha n\u00e5gon anknytning till en fastighet inom GTFF, du kan \u00e4ga eller bruka den. \u00d6vriga fr\u00e5gor besvaras av f\u00f6reningens ordf\u00f6rande <a href=\"mailto:arvasolsson@gmail.com\">Filippa Arvas Olsson<\/a>.<\/p>\n<p>Gl\u00f6m inte att fylla i alla uppgifterna.<br \/>\nTomtnr:<br \/>\nMusk\u00f6 gatuadress:<br \/>\nNr p\u00e5 gatuadress:<br \/>\nF\u00f6rnamn:<br \/>\nEfternamn:<br \/>\nFakturaadress:<br \/>\nPostnr:<br \/>\nOrt:<br \/>\nLand:<br \/>\nTelefon:<br \/>\nE-post:<\/p>\n<p>&nbsp;<\/p>\n<\/div>\n<\/div>\n","protected":false},"excerpt":{"rendered":"<p>Om du vill bli medlem, \u00e4ndra dina uppgifter eller s\u00e4ga upp ditt medlemsskap kan du maila till \u00a0GTFF:s sekreterare, Jan Westerberg.\u00a0En kopia p\u00e5 dit mejl kommer \u00e4ven att skickas till V\u00e4gsamf\u00e4lligheten. F\u00f6r att f\u00e5 bli medlem m\u00e5ste du ha n\u00e5gon anknytning till en fastighet inom GTFF, du kan \u00e4ga eller bruka den. \u00d6vriga fr\u00e5gor besvaras&#8230;  <a class=\"excerpt-read-more\" href=\"https:\/\/gtff.se\/index.php\/kontaktuppgifter\/medlemsregistrering\/\" title=\"Read Adress\u00e4ndring\">L\u00e4s mera &raquo;<\/a><\/p>\n","protected":false},"author":1,"featured_media":0,"parent":113,"menu_order":0,"comment_status":"closed","ping_status":"closed","template":"","meta":[],"_links":{"self":[{"href":"https:\/\/gtff.se\/index.php\/wp-json\/wp\/v2\/pages\/95"}],"collection":[{"href":"https:\/\/gtff.se\/index.php\/wp-json\/wp\/v2\/pages"}],"about":[{"href":"https:\/\/gtff.se\/index.php\/wp-json\/wp\/v2\/types\/page"}],"author":[{"embeddable":true,"href":"https:\/\/gtff.se\/index.php\/wp-json\/wp\/v2\/users\/1"}],"replies":[{"embeddable":true,"href":"https:\/\/gtff.se\/index.php\/wp-json\/wp\/v2\/comments?post=95"}],"version-history":[{"count":19,"href":"https:\/\/gtff.se\/index.php\/wp-json\/wp\/v2\/pages\/95\/revisions"}],"predecessor-version":[{"id":2253,"href":"https:\/\/gtff.se\/index.php\/wp-json\/wp\/v2\/pages\/95\/revisions\/2253"}],"up":[{"embeddable":true,"href":"https:\/\/gtff.se\/index.php\/wp-json\/wp\/v2\/pages\/113"}],"wp:attachment":[{"href":"https:\/\/gtff.se\/index.php\/wp-json\/wp\/v2\/media?parent=95"}],"curies":[{"name":"wp","href":"https:\/\/api.w.org\/{rel}","templated":true}]}}